{"id":939,"date":"2019-12-05T14:33:55","date_gmt":"2019-12-05T13:33:55","guid":{"rendered":"http:\/\/icy-ghost.flywheelsites.com\/?page_id=939"},"modified":"2025-02-13T11:57:45","modified_gmt":"2025-02-13T10:57:45","slug":"terms-conditions","status":"publish","type":"page","link":"https:\/\/www.econaturesways.com\/si\/terms-conditions\/","title":{"rendered":"Terms &#038; Conditions"},"content":{"rendered":"<div data-elementor-type=\"wp-page\" data-elementor-id=\"939\" class=\"elementor elementor-939\" data-elementor-post-type=\"page\">\n\t\t\t\t\t\t<section class=\"elementor-section elementor-top-section elementor-element elementor-element-1ac9708b elementor-section-boxed elementor-section-height-default elementor-section-height-default\" data-id=\"1ac9708b\" data-element_type=\"section\" data-e-type=\"section\" data-settings=\"{&quot;background_background&quot;:&quot;classic&quot;}\">\n\t\t\t\t\t\t\t<div class=\"elementor-background-overlay\"><\/div>\n\t\t\t\t\t\t\t<div class=\"elementor-container elementor-column-gap-default\">\n\t\t\t\t\t<div class=\"elementor-column elementor-col-100 elementor-top-column elementor-element elementor-element-4e5b2f68\" data-id=\"4e5b2f68\" data-element_type=\"column\" data-e-type=\"column\" data-settings=\"{&quot;background_background&quot;:&quot;classic&quot;}\">\n\t\t\t<div class=\"elementor-widget-wrap elementor-element-populated\">\n\t\t\t\t\t\t<div class=\"elementor-element elementor-element-254fb206 elementor-widget-divider--view-line elementor-widget elementor-widget-divider\" data-id=\"254fb206\" data-element_type=\"widget\" data-e-type=\"widget\" data-widget_type=\"divider.default\">\n\t\t\t\t<div class=\"elementor-widget-container\">\n\t\t\t\t\t\t\t<div class=\"elementor-divider\">\n\t\t\t<span class=\"elementor-divider-separator\">\n\t\t\t\t\t\t<\/span>\n\t\t<\/div>\n\t\t\t\t\t\t<\/div>\n\t\t\t\t<\/div>\n\t\t\t\t<div class=\"elementor-element elementor-element-14803faa elementor-widget elementor-widget-heading\" data-id=\"14803faa\" data-element_type=\"widget\" data-e-type=\"widget\" data-widget_type=\"heading.default\">\n\t\t\t\t<div class=\"elementor-widget-container\">\n\t\t\t\t\t<h1 class=\"elementor-heading-title elementor-size-default\">SPLO\u0160NI POGOJI POSLOVANJA<\/h1>\t\t\t\t<\/div>\n\t\t\t\t<\/div>\n\t\t\t\t<div class=\"elementor-element elementor-element-3c88dc7a elementor-widget elementor-widget-text-editor\" data-id=\"3c88dc7a\" data-element_type=\"widget\" data-e-type=\"widget\" data-widget_type=\"text-editor.default\">\n\t\t\t\t<div class=\"elementor-widget-container\">\n\t\t\t\t\t\t\t\t\t<p class=\"font_8\">Podjetje Natures Ways d.o.o. (Nature's Ways) organizira in izvaja \u0161portne aktivnosti v dolini So\u010de, kot so: rafting, soteskanje in ostale \u0161portne aktivnosti.<\/p>\t\t\t\t\t\t\t\t<\/div>\n\t\t\t\t<\/div>\n\t\t\t\t<div class=\"elementor-element elementor-element-6ffeaf76 elementor-widget elementor-widget-heading\" data-id=\"6ffeaf76\" data-element_type=\"widget\" data-e-type=\"widget\" data-widget_type=\"heading.default\">\n\t\t\t\t<div class=\"elementor-widget-container\">\n\t\t\t\t\t<h2 class=\"elementor-heading-title elementor-size-default\">Udele\u017eba na aktivnostih<\/h2>\t\t\t\t<\/div>\n\t\t\t\t<\/div>\n\t\t\t\t<div class=\"elementor-element elementor-element-1fbba562 elementor-widget elementor-widget-text-editor\" data-id=\"1fbba562\" data-element_type=\"widget\" data-e-type=\"widget\" data-widget_type=\"text-editor.default\">\n\t\t\t\t<div class=\"elementor-widget-container\">\n\t\t\t\t\t\t\t\t\t<p class=\"font_8 translation-block\">- Minimalno \u0161tevilo udele\u017eencev 2 osebi<br>\n- Minimalna starost udele\u017eencev je predpisana v opisih posamenih aktivnosti<br>\n- \u0160portna aktivnost poteka od pristopa gostov do vodnika na \u0161tartnem mestu, do zaklju\u010dka izleta - vrnitve nazaj v na\u0161 \u0161portni center. Nature's Ways ne odgovarja za po\u0161kodbe nastale izven poteka izleta.<br>\n- Nature's Ways si v primeru slabega vremena ali drugih izrednih okoli\u0161\u010din pridru\u017euje pravico, da kadarkoli odpove ali prekine aktivnost. \u010ce Nature's Ways izlet odpove pred pri\u010detkom, ste upravi\u010deni do povra\u010dila denarja. V kolikor Nature's Ways izlet prekine oziroma skraj\u0161a med samim potekom izleta zaradi vi\u0161jih sil (npr. vreme) in posledi\u010dno zaradi varnosti, denarja ne vra\u010damo.<br>\n- Nature's Ways si pridru\u017euje pravico do odpovedi izleta tudi v primeru, \u010de je \u0161tevilo prijavljenih oseb manj\u0161e od minimalnega.<br>\n- V primeru odpovedi aktivnosti s strani gosta, po prejeti obvezni opremi za \u0161portno aktivnost in v primeru skraj\u0161anega izleta iz razloga slabe fizi\u010dne pripravljenosti posameznika, udele\u017eenec ni upravi\u010den do povra\u010dila stro\u0161kov rezervacije.<br>\n- Udele\u017eenec prav tako ni upravi\u010den do povra\u010dila pla\u010danega zneska, \u010de se ne more pridru\u017eiti izletu, potem ko je podpisal izjavo o odgovornosti in je v njej navedel la\u017ene podatke kot so recimo (vendar ne omejeno na): prisotnost pod vplivom alkohola, sposobnost plavanja ...<br>\n- Vsi darilni boni kupljeni na na\u0161i spletni strani so veljavni do datuma ozna\u010denega na bonu. Veljavnosti bonov ne podalj\u0161ujemo. Po izteku veljavnosti se lahko darilni boni uporabijo za 20% popust.<br>\n- Darilne bone kupljene na na\u0161i spletni strani lahko vrnete v roku 14 dni od dneva nakupa. V tem primeru dobite povrnjeno celotno kupnino. Vra\u010dilo denarja po 14 dneh od nakupa ni ve\u010d mo\u017eno.<br>\n- Za polno vra\u010dilo denarja, morajo stranke odpovedati aktivnost vsaj 24 ur pred pri\u010detkom aktivnosti. \u010ce stranka odpove aktivnost manj kot 24 ur pred pri\u010detkom, Nature's Ways ne vra\u010da pla\u010danega zneska.<br>\n- Nature's Ways ne odgovarja za po\u0161kodbe, ki so nastale v nasprotju s podpisano izjavo, oz. zaradi neupo\u0161tevanja navodil vodnikov podjetja Nature's Ways.<br>\n- Nature's Ways ne dovoljuje udele\u017ebe na \u0161portnih aktivnostih nose\u010dnicam in osebam z resnimi zdravstvenimi te\u017eavami ali po\u0161kodbami. Vsi, ki imajo kakr\u0161nekoli te\u017eave z astmo ali druge zdravstvene te\u017eave, morajo pred za\u010detkom izleta obvestiti vodnika ali drugega uslu\u017ebenca Nature's Ways.<br>\n- Po\u0161kodbe, ki nastanejo med izletom, morajo biti prijavljene takoj in sicer poobla\u0161\u010deni osebi Nature's Ways. Udele\u017eenec izpolni poro\u010dilo o nezgodi, katerega je dol\u017ean podpisati. Nature's Ways nudi po\u0161kodovancu ustrezno prvo pomo\u010d oz. ga napoti v najbli\u017ejo zdravstveno ustanovo. Nature's Ways ne bo upo\u0161teval nobenih po\u0161kodb, ki so bile sporo\u010dene naknadno oziroma niso bile prijavljene v prostorih Nature's Ways.<br>\n- Nature's Ways ne prevzema nobene odgovornosti za izgubljene, ukradene ali po\u0161kodovane osebne predmete.<br>\n- Nature's Ways fotografira vse udele\u017eence aktivnosti in si s tem pridru\u017euje pravico do uporabe fotografij v promocijske namene.<br>\n- Nature's Ways si pridru\u017euje pravico zara\u010dunati vsakr\u0161no \u0161kodo, krajo ali izgubo izposojene opreme. Vi\u0161ino zneska se dolo\u010di v postopku cenitve s strani strokovnega osebja podjetja.<br>\n- Nature's Ways si pridr\u017euje pravico do spremembe cen kadarkoli. Stranke z obstoje\u010dimi rezervacijami imajo pravico do brezpla\u010dne odpovedi rezervacije, \u010de se ne strinjajo s pla\u010dilom nove cene.<\/p>\t\t\t\t\t\t\t\t<\/div>\n\t\t\t\t<\/div>\n\t\t\t\t\t<\/div>\n\t\t<\/div>\n\t\t\t\t\t<\/div>\n\t\t<\/section>\n\t\t\t\t<\/div>","protected":false},"excerpt":{"rendered":"<p>TERMS &amp; CONDITIONS Company Natures Ways d.o.o. (Nature&#8217;s Ways) organizes and performs sports activities in the So\u010da Valley, Slovenia such as: rafting, canyoning and other sports activities. Participation in the activities &#8211; Minimum number of participants is 2 people&#8211; Minimum age of participants is described in the description of individual activities&#8211; Sports activity takes place [&hellip;]<\/p>\n","protected":false},"author":1,"featured_media":0,"parent":0,"menu_order":0,"comment_status":"closed","ping_status":"closed","template":"elementor_header_footer","meta":{"footnotes":""},"class_list":["post-939","page","type-page","status-publish","hentry","entry"],"yoast_head":"<!-- This site is optimized with the Yoast SEO Premium plugin v27.3 (Yoast SEO v27.3) - https:\/\/yoast.com\/product\/yoast-seo-premium-wordpress\/ -->\n<title>Terms &amp; Conditions - Nature&#039;s Ways<\/title>\n<meta name=\"robots\" content=\"index, follow, max-snippet:-1, max-image-preview:large, max-video-preview:-1\" \/>\n<link rel=\"canonical\" href=\"https:\/\/www.econaturesways.com\/si\/terms-conditions\/\" \/>\n<meta property=\"og:locale\" content=\"sl_SI\" \/>\n<meta property=\"og:type\" content=\"article\" \/>\n<meta property=\"og:title\" content=\"Terms &amp; Conditions\" \/>\n<meta property=\"og:description\" content=\"TERMS &amp; CONDITIONS Company Natures Ways d.o.o. (Nature&#039;s Ways) organizes and performs sports activities in the So\u010da Valley, Slovenia such as: rafting,\" \/>\n<meta property=\"og:url\" content=\"https:\/\/www.econaturesways.com\/si\/terms-conditions\/\" \/>\n<meta property=\"og:site_name\" content=\"Nature&#039;s Ways\" \/>\n<meta property=\"article:publisher\" content=\"https:\/\/www.facebook.com\/econaturesways\" \/>\n<meta property=\"article:modified_time\" content=\"2025-02-13T10:57:45+00:00\" \/>\n<meta name=\"twitter:card\" content=\"summary_large_image\" \/>\n<meta name=\"twitter:label1\" content=\"Est. reading time\" \/>\n\t<meta name=\"twitter:data1\" content=\"3 minute\" \/>\n<script type=\"application\/ld+json\" class=\"yoast-schema-graph\">{\"@context\":\"https:\\\/\\\/schema.org\",\"@graph\":[{\"@type\":\"WebPage\",\"@id\":\"https:\\\/\\\/www.econaturesways.com\\\/terms-conditions\\\/\",\"url\":\"https:\\\/\\\/www.econaturesways.com\\\/terms-conditions\\\/\",\"name\":\"Terms & Conditions - Nature&#039;s Ways\",\"isPartOf\":{\"@id\":\"https:\\\/\\\/www.econaturesways.com\\\/#website\"},\"datePublished\":\"2019-12-05T13:33:55+00:00\",\"dateModified\":\"2025-02-13T10:57:45+00:00\",\"breadcrumb\":{\"@id\":\"https:\\\/\\\/www.econaturesways.com\\\/terms-conditions\\\/#breadcrumb\"},\"inLanguage\":\"sl-SI\",\"potentialAction\":[{\"@type\":\"ReadAction\",\"target\":[\"https:\\\/\\\/www.econaturesways.com\\\/terms-conditions\\\/\"]}]},{\"@type\":\"BreadcrumbList\",\"@id\":\"https:\\\/\\\/www.econaturesways.com\\\/terms-conditions\\\/#breadcrumb\",\"itemListElement\":[{\"@type\":\"ListItem\",\"position\":1,\"name\":\"Home\",\"item\":\"https:\\\/\\\/www.econaturesways.com\\\/\"},{\"@type\":\"ListItem\",\"position\":2,\"name\":\"Terms &#038; Conditions\"}]},{\"@type\":\"WebSite\",\"@id\":\"https:\\\/\\\/www.econaturesways.com\\\/#website\",\"url\":\"https:\\\/\\\/www.econaturesways.com\\\/\",\"name\":\"Nature's Ways Bovec\",\"description\":\"Sustainable Active Holidays in Bovec\",\"publisher\":{\"@id\":\"https:\\\/\\\/www.econaturesways.com\\\/#organization\"},\"potentialAction\":[{\"@type\":\"SearchAction\",\"target\":{\"@type\":\"EntryPoint\",\"urlTemplate\":\"https:\\\/\\\/www.econaturesways.com\\\/?s={search_term_string}\"},\"query-input\":{\"@type\":\"PropertyValueSpecification\",\"valueRequired\":true,\"valueName\":\"search_term_string\"}}],\"inLanguage\":\"sl-SI\"},{\"@type\":[\"Organization\",\"Place\",\"SportsActivityLocation\"],\"@id\":\"https:\\\/\\\/www.econaturesways.com\\\/#organization\",\"name\":\"Nature's Ways - Rafting & Canyoning Bovec\",\"url\":\"https:\\\/\\\/www.econaturesways.com\\\/\",\"logo\":{\"@id\":\"https:\\\/\\\/www.econaturesways.com\\\/terms-conditions\\\/#local-main-organization-logo\"},\"image\":{\"@id\":\"https:\\\/\\\/www.econaturesways.com\\\/terms-conditions\\\/#local-main-organization-logo\"},\"sameAs\":[\"https:\\\/\\\/www.facebook.com\\\/econaturesways\",\"https:\\\/\\\/www.instagram.com\\\/natureswaysbovec\"],\"description\":\"Nature's Way Bovec offers small group rafting and canyoning tours in the heart of the So\u010da Valley. We provide a premium alternative to crowded tourist excursions, focusing on unhurried journeys through Bovec\u2019s hidden natural corridors. Our mission is to connect guests with the pristine energy of the So\u010da river while actively protecting the environment through sustainable tourism practices.\\\"\",\"legalName\":\"Natures Ways d.o.o\",\"foundingDate\":\"2018-03-27\",\"numberOfEmployees\":{\"@type\":\"QuantitativeValue\",\"minValue\":\"1\",\"maxValue\":\"10\"},\"address\":{\"@id\":\"https:\\\/\\\/www.econaturesways.com\\\/terms-conditions\\\/#local-main-place-address\"},\"geo\":{\"@type\":\"GeoCoordinates\",\"latitude\":\"461927.9\",\"longitude\":\"133311.4\"},\"telephone\":[\"00386 40 534 919\"],\"openingHoursSpecification\":[{\"@type\":\"OpeningHoursSpecification\",\"dayOfWeek\":[\"Monday\",\"Tuesday\",\"Wednesday\",\"Thursday\",\"Friday\",\"Saturday\",\"Sunday\"],\"opens\":\"08:00\",\"closes\":\"19:00\"}],\"email\":\"info@econaturesways.com\",\"areaServed\":\"Bovec, Slovenia\",\"vatID\":\"SI20964528\",\"priceRange\":\"$$\",\"currenciesAccepted\":\"EUR\",\"paymentAccepted\":\"Cash, Credit\\\/Debit Card\"},{\"@type\":\"PostalAddress\",\"@id\":\"https:\\\/\\\/www.econaturesways.com\\\/terms-conditions\\\/#local-main-place-address\",\"streetAddress\":\"Nature's Ways - Rafting & Canyoning Bovec, Cezsoca 78\",\"addressLocality\":\"Bovec\",\"postalCode\":\"5230\",\"addressCountry\":\"SI\"},{\"@type\":\"ImageObject\",\"inLanguage\":\"sl-SI\",\"@id\":\"https:\\\/\\\/www.econaturesways.com\\\/terms-conditions\\\/#local-main-organization-logo\",\"url\":\"https:\\\/\\\/www.econaturesways.com\\\/wp-content\\\/uploads\\\/2019\\\/11\\\/natures-ways-outdoor-agency-bovec-slovenia-rafting-canyoning-1.png\",\"contentUrl\":\"https:\\\/\\\/www.econaturesways.com\\\/wp-content\\\/uploads\\\/2019\\\/11\\\/natures-ways-outdoor-agency-bovec-slovenia-rafting-canyoning-1.png\",\"width\":250,\"height\":91,\"caption\":\"Nature's Ways - Rafting & Canyoning Bovec\"}]}<\/script>\n<meta name=\"geo.placename\" content=\"Bovec\" \/>\n<meta name=\"geo.position\" content=\"461927.9;133311.4\" \/>\n<meta name=\"geo.region\" content=\"Slovenia\" \/>\n<!-- \/ Yoast SEO Premium plugin. -->","yoast_head_json":{"title":"Splo\u0161ni pogoji poslovanja - Nature's Ways","robots":{"index":"index","follow":"follow","max-snippet":"max-snippet:-1","max-image-preview":"max-image-preview:large","max-video-preview":"max-video-preview:-1"},"canonical":"https:\/\/www.econaturesways.com\/si\/terms-conditions\/","og_locale":"sl_SI","og_type":"article","og_title":"Terms & Conditions","og_description":"TERMS &amp; CONDITIONS Company Natures Ways d.o.o. (Nature's Ways) organizes and performs sports activities in the So\u010da Valley, Slovenia such as: rafting,","og_url":"https:\/\/www.econaturesways.com\/si\/terms-conditions\/","og_site_name":"Nature&#039;s Ways","article_publisher":"https:\/\/www.facebook.com\/econaturesways","article_modified_time":"2025-02-13T10:57:45+00:00","twitter_card":"summary_large_image","twitter_misc":{"Est. reading time":"3 minute"},"schema":{"@context":"https:\/\/schema.org","@graph":[{"@type":"WebPage","@id":"https:\/\/www.econaturesways.com\/terms-conditions\/","url":"https:\/\/www.econaturesways.com\/terms-conditions\/","name":"Splo\u0161ni pogoji poslovanja - Nature's Ways","isPartOf":{"@id":"https:\/\/www.econaturesways.com\/#website"},"datePublished":"2019-12-05T13:33:55+00:00","dateModified":"2025-02-13T10:57:45+00:00","breadcrumb":{"@id":"https:\/\/www.econaturesways.com\/terms-conditions\/#breadcrumb"},"inLanguage":"sl-SI","potentialAction":[{"@type":"ReadAction","target":["https:\/\/www.econaturesways.com\/terms-conditions\/"]}]},{"@type":"BreadcrumbList","@id":"https:\/\/www.econaturesways.com\/terms-conditions\/#breadcrumb","itemListElement":[{"@type":"ListItem","position":1,"name":"Home","item":"https:\/\/www.econaturesways.com\/"},{"@type":"ListItem","position":2,"name":"Terms &#038; Conditions"}]},{"@type":"WebSite","@id":"https:\/\/www.econaturesways.com\/#website","url":"https:\/\/www.econaturesways.com\/","name":"Nature's Ways Bovec","description":"Aktivni oddih z mislijo na naravo","publisher":{"@id":"https:\/\/www.econaturesways.com\/#organization"},"potentialAction":[{"@type":"SearchAction","target":{"@type":"EntryPoint","urlTemplate":"https:\/\/www.econaturesways.com\/?s={search_term_string}"},"query-input":{"@type":"PropertyValueSpecification","valueRequired":true,"valueName":"search_term_string"}}],"inLanguage":"sl-SI"},{"@type":["Organization","Place","SportsActivityLocation"],"@id":"https:\/\/www.econaturesways.com\/#organization","name":"Nature's Ways - Rafting & Canyoning Bovec","url":"https:\/\/www.econaturesways.com\/","logo":{"@id":"https:\/\/www.econaturesways.com\/terms-conditions\/#local-main-organization-logo"},"image":{"@id":"https:\/\/www.econaturesways.com\/terms-conditions\/#local-main-organization-logo"},"sameAs":["https:\/\/www.facebook.com\/econaturesways","https:\/\/www.instagram.com\/natureswaysbovec"],"description":"Nature's Way Bovec offers small group rafting and canyoning tours in the heart of the So\u010da Valley. We provide a premium alternative to crowded tourist excursions, focusing on unhurried journeys through Bovec\u2019s hidden natural corridors. Our mission is to connect guests with the pristine energy of the So\u010da river while actively protecting the environment through sustainable tourism practices.\"","legalName":"Natures Ways d.o.o","foundingDate":"2018-03-27","numberOfEmployees":{"@type":"QuantitativeValue","minValue":"1","maxValue":"10"},"address":{"@id":"https:\/\/www.econaturesways.com\/terms-conditions\/#local-main-place-address"},"geo":{"@type":"GeoCoordinates","latitude":"461927.9","longitude":"133311.4"},"telephone":["00386 40 534 919"],"openingHoursSpecification":[{"@type":"OpeningHoursSpecification","dayOfWeek":["Monday","Tuesday","Wednesday","Thursday","Friday","Saturday","Sunday"],"opens":"08:00","closes":"19:00"}],"email":"info@econaturesways.com","areaServed":"Bovec, Slovenia","vatID":"SI20964528","priceRange":"$$","currenciesAccepted":"EUR","paymentAccepted":"Cash, Credit\/Debit Card"},{"@type":"PostalAddress","@id":"https:\/\/www.econaturesways.com\/terms-conditions\/#local-main-place-address","streetAddress":"Nature's Ways - Rafting & Canyoning Bovec, Cezsoca 78","addressLocality":"Bovec","postalCode":"5230","addressCountry":"SI"},{"@type":"ImageObject","inLanguage":"sl-SI","@id":"https:\/\/www.econaturesways.com\/terms-conditions\/#local-main-organization-logo","url":"https:\/\/www.econaturesways.com\/wp-content\/uploads\/2019\/11\/natures-ways-outdoor-agency-bovec-slovenia-rafting-canyoning-1.png","contentUrl":"https:\/\/www.econaturesways.com\/wp-content\/uploads\/2019\/11\/natures-ways-outdoor-agency-bovec-slovenia-rafting-canyoning-1.png","width":250,"height":91,"caption":"Nature's Ways - Rafting & Canyoning Bovec"}]},"geo.placename":"Bovec","geo.position":{"lat":"461927.9","long":"133311.4"},"geo.region":"Slovenia"},"_links":{"self":[{"href":"https:\/\/www.econaturesways.com\/si\/wp-json\/wp\/v2\/pages\/939","targetHints":{"allow":["GET"]}}],"collection":[{"href":"https:\/\/www.econaturesways.com\/si\/wp-json\/wp\/v2\/pages"}],"about":[{"href":"https:\/\/www.econaturesways.com\/si\/wp-json\/wp\/v2\/types\/page"}],"author":[{"embeddable":true,"href":"https:\/\/www.econaturesways.com\/si\/wp-json\/wp\/v2\/users\/1"}],"replies":[{"embeddable":true,"href":"https:\/\/www.econaturesways.com\/si\/wp-json\/wp\/v2\/comments?post=939"}],"version-history":[{"count":0,"href":"https:\/\/www.econaturesways.com\/si\/wp-json\/wp\/v2\/pages\/939\/revisions"}],"wp:attachment":[{"href":"https:\/\/www.econaturesways.com\/si\/wp-json\/wp\/v2\/media?parent=939"}],"curies":[{"name":"wp","href":"https:\/\/api.w.org\/{rel}","templated":true}]}}