{"id":932,"date":"2019-12-05T14:12:30","date_gmt":"2019-12-05T13:12:30","guid":{"rendered":"http:\/\/icy-ghost.flywheelsites.com\/?page_id=932"},"modified":"2024-05-20T00:39:04","modified_gmt":"2024-05-19T22:39:04","slug":"privacy-policy","status":"publish","type":"page","link":"https:\/\/www.econaturesways.com\/si\/privacy-policy\/","title":{"rendered":"Politika zasebnosti"},"content":{"rendered":"<div data-elementor-type=\"wp-page\" data-elementor-id=\"932\" class=\"elementor elementor-932\" data-elementor-post-type=\"page\">\n\t\t\t\t\t\t<section class=\"elementor-section elementor-top-section elementor-element elementor-element-76930a14 elementor-section-boxed elementor-section-height-default elementor-section-height-default\" data-id=\"76930a14\" data-element_type=\"section\" data-e-type=\"section\" data-settings=\"{&quot;background_background&quot;:&quot;classic&quot;}\">\n\t\t\t\t\t\t\t<div class=\"elementor-background-overlay\"><\/div>\n\t\t\t\t\t\t\t<div class=\"elementor-container elementor-column-gap-default\">\n\t\t\t\t\t<div class=\"elementor-column elementor-col-100 elementor-top-column elementor-element elementor-element-acf0b35\" data-id=\"acf0b35\" data-element_type=\"column\" data-e-type=\"column\" data-settings=\"{&quot;background_background&quot;:&quot;classic&quot;}\">\n\t\t\t<div class=\"elementor-widget-wrap elementor-element-populated\">\n\t\t\t\t\t\t<div class=\"elementor-element elementor-element-eef432c elementor-widget elementor-widget-html\" data-id=\"eef432c\" data-element_type=\"widget\" data-e-type=\"widget\" data-widget_type=\"html.default\">\n\t\t\t\t<div class=\"elementor-widget-container\">\n\t\t\t\t\t<h1 class=\"privacy-policy-h1 translation-block\">Politika zasebnosti\n<br><span>Nazadnje posodobljeno 19. maja 2024<\/span>\n<br><span>Datum za\u010detka veljavnosti 20. maj 2024<\/span><\/h1>\r\n\r\n<p class=\"privacy-policy-p\">\r\n    Ta pravilnik o zasebnosti opisuje politike Natures Ways doo, \u010cezso\u010da 78, Bovec 5230, Slovenija, e-po\u0161ta: info@econaturesways.com, telefon: +386 41 510 405 o zbiranju, uporabi in razkritju va\u0161ih podatkov, ki jih zbiramo, ko uporabljate na\u0161i spletni strani (https:\/\/www.econaturesways.com). (servis\"). Z dostopom ali uporabo storitve sogla\u0161ate z zbiranjem, uporabo in razkritjem va\u0161ih podatkov v skladu s tem pravilnikom o zasebnosti. \u010ce se ne strinjate z istim, vas prosimo, da ne dostopate do storitve in je ne uporabljate.\r\n<\/p>\r\n\r\n<p class=\"privacy-policy-p\">\r\n    Ta pravilnik o zasebnosti lahko kadar koli spremenimo brez predhodnega obvestila in bomo objavili spremenjen pravilnik o zasebnosti v storitvi. Spremenjeni pravilnik bo za\u010del veljati 180 dni od objave spremenjenega pravilnika v storitvi in va\u0161 nadaljnji dostop ali uporaba storitve po tem \u010dasu pomeni, da se strinjate s spremenjenim pravilnikom o zasebnosti. Zato priporo\u010damo, da ob\u010dasno pregledate to stran.\r\n<\/p>\r\n\r\n<ol class=\"privacy-policy-ol\">\r\n        <li>\r\n        <h2 class=\"privacy-policy-h2\">\r\n            Podatki, ki jih zbiramo:\r\n        <\/h2>\r\n\r\n        \r\n        <p class=\"privacy-policy-p\">\r\n            O vas bomo zbirali in obdelovali naslednje osebne podatke:\r\n        <\/p>\r\n        <ol class=\"privacy-policy-ol\">\r\n\r\n                        <li>Ime<\/li>\r\n            \r\n                        <li>E-po\u0161ta<\/li>\r\n            \r\n                        <li>Telefon<\/li>\r\n            \r\n            \r\n            \r\n            \r\n            \r\n                        \r\n                                    \r\n        <\/ol>\r\n        \r\n\r\n        \r\n\r\n    <\/li>\r\n\r\n    \r\n    \r\n\r\n        <li>\r\n        <h2 class=\"privacy-policy-h2\">\r\n            Kako uporabljamo va\u0161e podatke:\r\n        <\/h2>\r\n        <p class=\"privacy-policy-p\">\r\n            Podatke, ki jih zbiramo o vas, bomo uporabili za naslednje namene:\r\n        <\/p>\r\n        <ol class=\"privacy-policy-ol\">\r\n\r\n            \r\n            \r\n            \r\n            \r\n            \r\n                        <li>Obdelava pla\u010dil, rezervacij in povpra\u0161evanj o na\u0161ih storitvah<\/li>\r\n            \r\n            \r\n            \r\n            \r\n            \r\n            \r\n            \r\n            \r\n            \r\n        <\/ol>\r\n        <p class=\"privacy-policy-p\">\r\n            \u010ce \u017eelimo va\u0161e podatke uporabiti za kateri koli drug namen, vas bomo vpra\u0161ali za soglasje in bomo va\u0161e podatke uporabili \u0161ele, ko prejmemo va\u0161e soglasje in nato samo za namen(e), za katere soglasje podelimo, razen \u010de od nas zahteva, da storimo druga\u010de. pravo.\r\n        <\/p>\r\n    <\/li>\r\n    \r\n    \r\n    <li>\r\n        <h2 class=\"privacy-policy-h2\">\r\n            Kako delimo va\u0161e podatke:\r\n        <\/h2>\r\n\r\n\r\n                <p class=\"privacy-policy-p\">\r\n            Va\u0161ih osebnih podatkov ne bomo prenesli nobeni tretji osebi brez va\u0161ega soglasja, razen v omejenih okoli\u0161\u010dinah, kot je opisano spodaj:\r\n        <\/p>\r\n        <ol class=\"privacy-policy-ol\">\r\n                        <li>Ogla\u0161evalska storitev<\/li>\r\n            \r\n            \r\n            \r\n            \r\n                        <li>Analitika<\/li>\r\n            \r\n            \r\n                    <\/ol>\r\n        \r\n        <p class=\"privacy-policy-p\">\r\n            Od tretjih oseb zahtevamo, da uporabljajo osebne podatke, ki jim jih prenesemo, samo za namen, za katerega so bili preneseni, in jih ne hranijo dlje, kot je potrebno za izpolnitev omenjenega namena.\r\n        <\/p>\r\n        <p class=\"privacy-policy-p\">\r\n            Va\u0161e osebne podatke lahko razkrijemo tudi za naslednje: (1) zaradi ravnanja v skladu z veljavno zakonodajo, uredbo, sodno odredbo ali drugim pravnim postopkom; (2) za uveljavljanje va\u0161ih pogodb z nami, vklju\u010dno s tem pravilnikom o zasebnosti; ali (3) za odgovor na trditve, da va\u0161a uporaba storitve kr\u0161i katere koli pravice tretjih oseb. \u010ce se storitev ali na\u0161e podjetje zdru\u017ei ali pridobi z drugim podjetjem, bodo va\u0161i podatki eno od sredstev, ki se prenesejo na novega lastnika.\r\n        <\/p>\r\n    <\/li>\r\n    \r\n\r\n        <li>\r\n        <h2 class=\"privacy-policy-h2\">\r\n            Hramba va\u0161ih podatkov:\r\n        <\/h2>\r\n        <p class=\"privacy-policy-p\">\r\n            Va\u0161e osebne podatke bomo hranili pri nas od 90 dni do 2 let po tem, ko uporabniki ukinejo svoje ra\u010dune, ali tako dolgo, kot jih potrebujemo za izpolnjevanje namenov, za katere so bili zbrani, kot je podrobno opisano v tem pravilniku o zasebnosti. Dolo\u010dene podatke bomo morda morali hraniti dlje \u010dasa, kot je vodenje evidenc\/poro\u010danje v skladu z veljavno zakonodajo ali iz drugih zakonitih razlogov, kot je uveljavljanje zakonskih pravic, prepre\u010devanje goljufij itd. Preostali anonimni podatki in zdru\u017eeni podatki, ki vas ne identificirajo (neposredno ali posredno), se lahko hranijo za nedolo\u010den \u010das.\r\n        <\/p>\r\n    <\/li>\r\n    \r\n    <li>\r\n        <h2 class=\"privacy-policy-h2\">\r\n            Va\u0161e pravice:\r\n        <\/h2>\r\n        <p class=\"privacy-policy-p\">\r\n            Odvisno od veljavne zakonodaje imate morda pravico do dostopa in popravka ali izbrisa va\u0161ih osebnih podatkov ali prejemanja kopije va\u0161ih osebnih podatkov, omejitve ali nasprotovanja aktivni obdelavi va\u0161ih podatkov, prosite, da delimo (prenesemo) va\u0161e osebne podatke. podatke drugemu subjektu, preklic kakr\u0161nega koli soglasja, ki ste nam ga dali za obdelavo va\u0161ih podatkov, pravico do vlo\u017eitve prito\u017ebe pri zakonskem organu in druge pravice, ki so lahko pomembne v skladu z veljavno zakonodajo. Za uveljavljanje teh pravic nam lahko pi\u0161ete na info@econaturesways.com. Na va\u0161o zahtevo bomo odgovorili v skladu z veljavno zakonodajo.\r\n        <\/p>\r\n\r\n        \r\n        <p class=\"privacy-policy-p\">\r\n            Upo\u0161tevajte, da \u010de nam ne dovolite zbiranja ali obdelave zahtevanih osebnih podatkov ali prekli\u010dete soglasje za obdelavo le-teh za zahtevane namene, morda ne boste mogli dostopati ali uporabljati storitev, za katere so bili va\u0161i podatki potrebni.\r\n        <\/p>\r\n    <\/li>\r\n        <li>\r\n        <h2 class=\"privacy-policy-h2\">\r\n            Pi\u0161kotki itd.\r\n        <\/h2>\r\n        <p class=\"privacy-policy-p translation-block\">\u010ce \u017eelite izvedeti ve\u010d o tem, kako jih uporabljamo in o va\u0161ih izbirah v zvezi s temi tehnologijami sledenja, si oglejte na\u0161  <a href=\"https:\/\/www.econaturesways.com\/si\/cookie-policy\" target=\"_self\">Pravilnik o pi\u0161kotkih.<\/a><\/p>\r\n    <\/li>\r\n    \r\n    <li>\r\n        <h2 class=\"privacy-policy-h2\">\r\n            Varnost:\r\n        <\/h2>\r\n        <p class=\"privacy-policy-p\">\r\n            Varnost va\u0161ih podatkov je za nas pomembna in uporabili bomo razumne varnostne ukrepe, da prepre\u010dimo izgubo, zlorabo ali nepoobla\u0161\u010deno spremembo va\u0161ih podatkov pod na\u0161im nadzorom. Vendar pa glede na inherentna tveganja ne moremo zagotoviti absolutne varnosti in posledi\u010dno ne moremo zagotoviti ali jam\u010diti za varnost vseh informacij, ki nam jih posredujete, in to po\u010dnete na lastno odgovornost.\r\n        <\/p>\r\n    <\/li>\r\n\r\n        <li>\r\n        <h2 class=\"privacy-policy-h2\">\r\n            Povezave do tretjih spletnih strani in uporaba va\u0161ih podatkov:\r\n        <\/h2>\r\n        <p class=\"privacy-policy-p\">\r\n            Na\u0161a storitev lahko vsebuje povezave do drugih spletnih mest, ki jih ne upravljamo mi. Ta pravilnik o zasebnosti ne obravnava pravilnika o zasebnosti in drugih praks tretjih oseb, vklju\u010dno s katero koli tretjo osebo, ki upravlja katero koli spletno mesto ali storitev, ki je lahko dostopna prek povezave v storitvi. Mo\u010dno vam svetujemo, da pregledate politiko zasebnosti vsakega spletnega mesta, ki ga obi\u0161\u010dete. Nimamo nadzora in ne prevzemamo odgovornosti za vsebino, pravilnike o zasebnosti ali prakse katerih koli spletnih mest ali storitev tretjih oseb.\r\n        <\/p>\r\n    <\/li>\r\n    \r\n    <li>\r\n        <h2 class=\"privacy-policy-h2\">\r\n            Poobla\u0161\u010denec za prito\u017ebe \/ varstvo podatkov:\r\n        <\/h2>\r\n        <p class=\"privacy-policy-p\">\r\n            \u010ce imate kakr\u0161na koli vpra\u0161anja ali pomisleke glede obdelave va\u0161ih podatkov, ki so na voljo pri nas, lahko po\u0161ljete e-po\u0161to na\u0161emu uradniku za prito\u017ebe na Natures Ways d.o.o., \u010cezso\u010da 78, e-po\u0161ta: info@econaturesways.com. Va\u0161e pomisleke bomo obravnavali v skladu z veljavno zakonodajo.\r\n        <\/p>\r\n    <\/li>\r\n<\/ol>\r\n\t\t\t\t<\/div>\n\t\t\t\t<\/div>\n\t\t\t\t\t<\/div>\n\t\t<\/div>\n\t\t\t\t\t<\/div>\n\t\t<\/section>\n\t\t\t\t<\/div>","protected":false},"excerpt":{"rendered":"<p>Privacy Policy Last Updated On 19-May-2024 Effective Date 20-May-2024 This Privacy Policy describes the policies of Natures Ways d.o.o., \u010cezso\u010da 78, Bovec 5230, Slovenia, email: info@econaturesways.com, phone: +386 41 510 405 on the collection, use and disclosure of your information that we collect when you use our website ( https:\/\/www.econaturesways.com ). (the \u201cService\u201d). By accessing [&hellip;]<\/p>\n","protected":false},"author":1,"featured_media":0,"parent":0,"menu_order":0,"comment_status":"closed","ping_status":"closed","template":"elementor_header_footer","meta":{"footnotes":""},"class_list":["post-932","page","type-page","status-publish","hentry","entry"],"yoast_head":"<!-- This site is optimized with the Yoast SEO Premium plugin v27.5 (Yoast SEO v27.5) - https:\/\/yoast.com\/product\/yoast-seo-premium-wordpress\/ -->\n<title>Privacy Policy - Nature&#039;s Ways<\/title>\n<meta name=\"robots\" content=\"index, follow, max-snippet:-1, max-image-preview:large, max-video-preview:-1\" \/>\n<link rel=\"canonical\" href=\"https:\/\/www.econaturesways.com\/si\/privacy-policy\/\" \/>\n<meta property=\"og:locale\" content=\"sl_SI\" \/>\n<meta property=\"og:type\" content=\"article\" \/>\n<meta property=\"og:title\" content=\"Privacy Policy\" \/>\n<meta property=\"og:description\" content=\"Privacy Policy Last Updated On 19-May-2024 Effective Date 20-May-2024 This Privacy Policy describes the policies of Natures Ways d.o.o., \u010cezso\u010da 78, Bovec\" \/>\n<meta property=\"og:url\" content=\"https:\/\/www.econaturesways.com\/si\/privacy-policy\/\" \/>\n<meta property=\"og:site_name\" content=\"Nature&#039;s Ways\" \/>\n<meta property=\"article:publisher\" content=\"https:\/\/www.facebook.com\/econaturesways\" \/>\n<meta property=\"article:modified_time\" content=\"2024-05-19T22:39:04+00:00\" \/>\n<meta name=\"twitter:card\" content=\"summary_large_image\" \/>\n<meta name=\"twitter:label1\" content=\"Est. reading time\" \/>\n\t<meta name=\"twitter:data1\" content=\"4 minute\" \/>\n<script type=\"application\/ld+json\" class=\"yoast-schema-graph\">{\"@context\":\"https:\\\/\\\/schema.org\",\"@graph\":[{\"@type\":\"WebPage\",\"@id\":\"https:\\\/\\\/www.econaturesways.com\\\/privacy-policy\\\/\",\"url\":\"https:\\\/\\\/www.econaturesways.com\\\/privacy-policy\\\/\",\"name\":\"Privacy Policy - Nature&#039;s Ways\",\"isPartOf\":{\"@id\":\"https:\\\/\\\/www.econaturesways.com\\\/#website\"},\"datePublished\":\"2019-12-05T13:12:30+00:00\",\"dateModified\":\"2024-05-19T22:39:04+00:00\",\"breadcrumb\":{\"@id\":\"https:\\\/\\\/www.econaturesways.com\\\/privacy-policy\\\/#breadcrumb\"},\"inLanguage\":\"sl-SI\",\"potentialAction\":[{\"@type\":\"ReadAction\",\"target\":[\"https:\\\/\\\/www.econaturesways.com\\\/privacy-policy\\\/\"]}]},{\"@type\":\"BreadcrumbList\",\"@id\":\"https:\\\/\\\/www.econaturesways.com\\\/privacy-policy\\\/#breadcrumb\",\"itemListElement\":[{\"@type\":\"ListItem\",\"position\":1,\"name\":\"Home\",\"item\":\"https:\\\/\\\/www.econaturesways.com\\\/\"},{\"@type\":\"ListItem\",\"position\":2,\"name\":\"Privacy Policy\"}]},{\"@type\":\"WebSite\",\"@id\":\"https:\\\/\\\/www.econaturesways.com\\\/#website\",\"url\":\"https:\\\/\\\/www.econaturesways.com\\\/\",\"name\":\"Nature's Ways Bovec\",\"description\":\"Sustainable Active Holidays in Bovec\",\"publisher\":{\"@id\":\"https:\\\/\\\/www.econaturesways.com\\\/#organization\"},\"potentialAction\":[{\"@type\":\"SearchAction\",\"target\":{\"@type\":\"EntryPoint\",\"urlTemplate\":\"https:\\\/\\\/www.econaturesways.com\\\/?s={search_term_string}\"},\"query-input\":{\"@type\":\"PropertyValueSpecification\",\"valueRequired\":true,\"valueName\":\"search_term_string\"}}],\"inLanguage\":\"sl-SI\"},{\"@type\":[\"Organization\",\"Place\",\"SportsActivityLocation\"],\"@id\":\"https:\\\/\\\/www.econaturesways.com\\\/#organization\",\"name\":\"Nature's Ways - Rafting & Canyoning Bovec\",\"url\":\"https:\\\/\\\/www.econaturesways.com\\\/\",\"logo\":{\"@id\":\"https:\\\/\\\/www.econaturesways.com\\\/privacy-policy\\\/#local-main-organization-logo\"},\"image\":{\"@id\":\"https:\\\/\\\/www.econaturesways.com\\\/privacy-policy\\\/#local-main-organization-logo\"},\"sameAs\":[\"https:\\\/\\\/www.facebook.com\\\/econaturesways\",\"https:\\\/\\\/www.instagram.com\\\/natureswaysbovec\"],\"description\":\"Nature's Way Bovec offers small group rafting and canyoning tours in the heart of the So\u010da Valley. We provide a premium alternative to crowded tourist excursions, focusing on unhurried journeys through Bovec\u2019s hidden natural corridors. Our mission is to connect guests with the pristine energy of the So\u010da river while actively protecting the environment through sustainable tourism practices.\\\"\",\"legalName\":\"Natures Ways d.o.o\",\"foundingDate\":\"2018-03-27\",\"numberOfEmployees\":{\"@type\":\"QuantitativeValue\",\"minValue\":\"1\",\"maxValue\":\"10\"},\"address\":{\"@id\":\"https:\\\/\\\/www.econaturesways.com\\\/privacy-policy\\\/#local-main-place-address\"},\"geo\":{\"@type\":\"GeoCoordinates\",\"latitude\":\"461927.9\",\"longitude\":\"133311.4\"},\"telephone\":[\"00386 40 534 919\"],\"openingHoursSpecification\":[{\"@type\":\"OpeningHoursSpecification\",\"dayOfWeek\":[\"Monday\",\"Tuesday\",\"Wednesday\",\"Thursday\",\"Friday\",\"Saturday\",\"Sunday\"],\"opens\":\"08:00\",\"closes\":\"19:00\"}],\"email\":\"info@econaturesways.com\",\"areaServed\":\"Bovec, Slovenia\",\"vatID\":\"SI20964528\",\"priceRange\":\"$$\",\"currenciesAccepted\":\"EUR\",\"paymentAccepted\":\"Cash, Credit\\\/Debit Card\"},{\"@type\":\"PostalAddress\",\"@id\":\"https:\\\/\\\/www.econaturesways.com\\\/privacy-policy\\\/#local-main-place-address\",\"streetAddress\":\"Nature's Ways - Rafting & Canyoning Bovec, Cezsoca 78\",\"addressLocality\":\"Bovec\",\"postalCode\":\"5230\",\"addressCountry\":\"SI\"},{\"@type\":\"ImageObject\",\"inLanguage\":\"sl-SI\",\"@id\":\"https:\\\/\\\/www.econaturesways.com\\\/privacy-policy\\\/#local-main-organization-logo\",\"url\":\"https:\\\/\\\/www.econaturesways.com\\\/wp-content\\\/uploads\\\/2019\\\/11\\\/natures-ways-outdoor-agency-bovec-slovenia-rafting-canyoning-1.png\",\"contentUrl\":\"https:\\\/\\\/www.econaturesways.com\\\/wp-content\\\/uploads\\\/2019\\\/11\\\/natures-ways-outdoor-agency-bovec-slovenia-rafting-canyoning-1.png\",\"width\":250,\"height\":91,\"caption\":\"Nature's Ways - Rafting & Canyoning Bovec\"}]}<\/script>\n<meta name=\"geo.placename\" content=\"Bovec\" \/>\n<meta name=\"geo.position\" content=\"461927.9;133311.4\" \/>\n<meta name=\"geo.region\" content=\"Slovenia\" \/>\n<!-- \/ Yoast SEO Premium plugin. -->","yoast_head_json":{"title":"Politika Zasebnosti - Nature's Ways","robots":{"index":"index","follow":"follow","max-snippet":"max-snippet:-1","max-image-preview":"max-image-preview:large","max-video-preview":"max-video-preview:-1"},"canonical":"https:\/\/www.econaturesways.com\/si\/privacy-policy\/","og_locale":"sl_SI","og_type":"article","og_title":"Privacy Policy","og_description":"Privacy Policy Last Updated On 19-May-2024 Effective Date 20-May-2024 This Privacy Policy describes the policies of Natures Ways d.o.o., \u010cezso\u010da 78, Bovec","og_url":"https:\/\/www.econaturesways.com\/si\/privacy-policy\/","og_site_name":"Nature&#039;s Ways","article_publisher":"https:\/\/www.facebook.com\/econaturesways","article_modified_time":"2024-05-19T22:39:04+00:00","twitter_card":"summary_large_image","twitter_misc":{"Est. reading time":"4 minute"},"schema":{"@context":"https:\/\/schema.org","@graph":[{"@type":"WebPage","@id":"https:\/\/www.econaturesways.com\/privacy-policy\/","url":"https:\/\/www.econaturesways.com\/privacy-policy\/","name":"Politika Zasebnosti - Nature's Ways","isPartOf":{"@id":"https:\/\/www.econaturesways.com\/#website"},"datePublished":"2019-12-05T13:12:30+00:00","dateModified":"2024-05-19T22:39:04+00:00","breadcrumb":{"@id":"https:\/\/www.econaturesways.com\/privacy-policy\/#breadcrumb"},"inLanguage":"sl-SI","potentialAction":[{"@type":"ReadAction","target":["https:\/\/www.econaturesways.com\/privacy-policy\/"]}]},{"@type":"BreadcrumbList","@id":"https:\/\/www.econaturesways.com\/privacy-policy\/#breadcrumb","itemListElement":[{"@type":"ListItem","position":1,"name":"Home","item":"https:\/\/www.econaturesways.com\/"},{"@type":"ListItem","position":2,"name":"Privacy Policy"}]},{"@type":"WebSite","@id":"https:\/\/www.econaturesways.com\/#website","url":"https:\/\/www.econaturesways.com\/","name":"Nature's Ways Bovec","description":"Aktivni oddih z mislijo na naravo","publisher":{"@id":"https:\/\/www.econaturesways.com\/#organization"},"potentialAction":[{"@type":"SearchAction","target":{"@type":"EntryPoint","urlTemplate":"https:\/\/www.econaturesways.com\/?s={search_term_string}"},"query-input":{"@type":"PropertyValueSpecification","valueRequired":true,"valueName":"search_term_string"}}],"inLanguage":"sl-SI"},{"@type":["Organization","Place","SportsActivityLocation"],"@id":"https:\/\/www.econaturesways.com\/#organization","name":"Nature's Ways - Rafting & Canyoning Bovec","url":"https:\/\/www.econaturesways.com\/","logo":{"@id":"https:\/\/www.econaturesways.com\/privacy-policy\/#local-main-organization-logo"},"image":{"@id":"https:\/\/www.econaturesways.com\/privacy-policy\/#local-main-organization-logo"},"sameAs":["https:\/\/www.facebook.com\/econaturesways","https:\/\/www.instagram.com\/natureswaysbovec"],"description":"Nature's Way Bovec offers small group rafting and canyoning tours in the heart of the So\u010da Valley. We provide a premium alternative to crowded tourist excursions, focusing on unhurried journeys through Bovec\u2019s hidden natural corridors. Our mission is to connect guests with the pristine energy of the So\u010da river while actively protecting the environment through sustainable tourism practices.\"","legalName":"Natures Ways d.o.o","foundingDate":"2018-03-27","numberOfEmployees":{"@type":"QuantitativeValue","minValue":"1","maxValue":"10"},"address":{"@id":"https:\/\/www.econaturesways.com\/privacy-policy\/#local-main-place-address"},"geo":{"@type":"GeoCoordinates","latitude":"461927.9","longitude":"133311.4"},"telephone":["00386 40 534 919"],"openingHoursSpecification":[{"@type":"OpeningHoursSpecification","dayOfWeek":["Monday","Tuesday","Wednesday","Thursday","Friday","Saturday","Sunday"],"opens":"08:00","closes":"19:00"}],"email":"info@econaturesways.com","areaServed":"Bovec, Slovenia","vatID":"SI20964528","priceRange":"$$","currenciesAccepted":"EUR","paymentAccepted":"Cash, Credit\/Debit Card"},{"@type":"PostalAddress","@id":"https:\/\/www.econaturesways.com\/privacy-policy\/#local-main-place-address","streetAddress":"Nature's Ways - Rafting & Canyoning Bovec, Cezsoca 78","addressLocality":"Bovec","postalCode":"5230","addressCountry":"SI"},{"@type":"ImageObject","inLanguage":"sl-SI","@id":"https:\/\/www.econaturesways.com\/privacy-policy\/#local-main-organization-logo","url":"https:\/\/www.econaturesways.com\/wp-content\/uploads\/2019\/11\/natures-ways-outdoor-agency-bovec-slovenia-rafting-canyoning-1.png","contentUrl":"https:\/\/www.econaturesways.com\/wp-content\/uploads\/2019\/11\/natures-ways-outdoor-agency-bovec-slovenia-rafting-canyoning-1.png","width":250,"height":91,"caption":"Nature's Ways - Rafting & Canyoning Bovec"}]},"geo.placename":"Bovec","geo.position":{"lat":"461927.9","long":"133311.4"},"geo.region":"Slovenia"},"_links":{"self":[{"href":"https:\/\/www.econaturesways.com\/si\/wp-json\/wp\/v2\/pages\/932","targetHints":{"allow":["GET"]}}],"collection":[{"href":"https:\/\/www.econaturesways.com\/si\/wp-json\/wp\/v2\/pages"}],"about":[{"href":"https:\/\/www.econaturesways.com\/si\/wp-json\/wp\/v2\/types\/page"}],"author":[{"embeddable":true,"href":"https:\/\/www.econaturesways.com\/si\/wp-json\/wp\/v2\/users\/1"}],"replies":[{"embeddable":true,"href":"https:\/\/www.econaturesways.com\/si\/wp-json\/wp\/v2\/comments?post=932"}],"version-history":[{"count":0,"href":"https:\/\/www.econaturesways.com\/si\/wp-json\/wp\/v2\/pages\/932\/revisions"}],"wp:attachment":[{"href":"https:\/\/www.econaturesways.com\/si\/wp-json\/wp\/v2\/media?parent=932"}],"curies":[{"name":"wp","href":"https:\/\/api.w.org\/{rel}","templated":true}]}}