{"id":3942,"date":"2022-01-24T21:19:10","date_gmt":"2022-01-24T20:19:10","guid":{"rendered":"https:\/\/www.econaturesways.com\/?page_id=3942"},"modified":"2026-02-21T11:04:19","modified_gmt":"2026-02-21T10:04:19","slug":"book-adventures-online","status":"publish","type":"page","link":"https:\/\/www.econaturesways.com\/si\/book-adventures-online\/","title":{"rendered":"Book Adventures Online"},"content":{"rendered":"<div data-elementor-type=\"wp-page\" data-elementor-id=\"3942\" class=\"elementor elementor-3942\" data-elementor-post-type=\"page\">\n\t\t\t\t\t\t<section class=\"elementor-section elementor-top-section elementor-element elementor-element-35e6e31b elementor-section-boxed elementor-section-height-default elementor-section-height-default\" data-id=\"35e6e31b\" data-element_type=\"section\" data-e-type=\"section\">\n\t\t\t\t\t\t<div class=\"elementor-container elementor-column-gap-default\">\n\t\t\t\t\t<div class=\"elementor-column elementor-col-100 elementor-top-column elementor-element elementor-element-2d0b9f1c\" data-id=\"2d0b9f1c\" data-element_type=\"column\" data-e-type=\"column\">\n\t\t\t<div class=\"elementor-widget-wrap elementor-element-populated\">\n\t\t\t\t\t\t<div class=\"elementor-element elementor-element-306177c elementor-widget elementor-widget-heading\" data-id=\"306177c\" data-element_type=\"widget\" data-e-type=\"widget\" data-widget_type=\"heading.default\">\n\t\t\t\t<div class=\"elementor-widget-container\">\n\t\t\t\t\t<h1 class=\"elementor-heading-title elementor-size-default\">Izberite svoje do\u017eivetje<\/h1>\t\t\t\t<\/div>\n\t\t\t\t<\/div>\n\t\t\t\t<div class=\"elementor-element elementor-element-a69797e elementor-widget elementor-widget-shortcode\" data-id=\"a69797e\" data-element_type=\"widget\" data-e-type=\"widget\" data-widget_type=\"shortcode.default\">\n\t\t\t\t<div class=\"elementor-widget-container\">\n\t\t\t\t\t\t\t<div class=\"elementor-shortcode\"><style>#wprev-badge-4 .wppro_badge1_IMG_3 {display: none;}#wprev-badge-4{border-radius: 0px;}#wprev-badge-4 .svgicons {background: #F9BC11 }#wprev-badge-4 .wppro_badge1_SPAN_4 {color: #666666;}#wprev-badge-4 .wppro_badge1_SPAN_13 {color: rgb(79,79,79);}#wprev-badge-4 .wppro_badge1_DIV_12 {color: rgb(79,79,79);}#wprev-badge-4 {width: auto;}<\/style><style>.wprevpro_badge{cursor:pointer;}<\/style><div data-badgeid=\"4\" class=\"wprevpro_badge_container\" data-onc='slideout' data-oncurl='' data-oncurltarget='new' data-animatedir=\"\" data-animatedelay=\"\" >\r\n<div class=\"wprevpro_badge wppro_badge4_DIV_1 b4s1\" id=\"wprev-badge-4\">\r\n\t\t\t<span class=\"wppro_badge1_DIV_stars b4s2\">\r\n\t\t\t<span class=\"svgicons svg-wprsp-star-full\"><\/span><span class=\"svgicons svg-wprsp-star-full\"><\/span><span class=\"svgicons svg-wprsp-star-full\"><\/span><span class=\"svgicons svg-wprsp-star-full\"><\/span><span class=\"svgicons svg-wprsp-star-full\"><\/span>\t\t\t<\/span>\r\n\t\t\t<span class=\"wppro_badge1_DIV_12 b4s12\"><span class=\"wppro_badge1_SPAN_13 b3s13\">4.9<\/span>&nbsp;- na podlagi&nbsp;<span class=\"wppro_badge1_A_14_span\"><span class=\"wppro_badge1_SPAN_15\">1479<\/span>&nbsp;mnenj gostov<\/span><\/span><\/div>\r\n<\/div>\r\n<\/div>\n\t\t\t\t\t\t<\/div>\n\t\t\t\t<\/div>\n\t\t\t\t<div class=\"elementor-element elementor-element-27b68c2 elementor-align-start elementor-tablet-align-start elementor-mobile-align-start elementor-icon-list--layout-inline elementor-list-item-link-full_width elementor-widget elementor-widget-icon-list\" data-id=\"27b68c2\" data-element_type=\"widget\" data-e-type=\"widget\" data-widget_type=\"icon-list.default\">\n\t\t\t\t<div class=\"elementor-widget-container\">\n\t\t\t\t\t\t\t<ul class=\"elementor-icon-list-items elementor-inline-items\">\n\t\t\t\t\t\t\t<li class=\"elementor-icon-list-item elementor-inline-item\">\n\t\t\t\t\t\t\t\t\t\t\t<span class=\"elementor-icon-list-icon\">\n\t\t\t\t\t\t\t<i aria-hidden=\"true\" class=\"fas fa-check\"><\/i>\t\t\t\t\t\t<\/span>\n\t\t\t\t\t\t\t\t\t\t<span class=\"elementor-icon-list-text\">Takoj\u0161nja potrditev<\/span>\n\t\t\t\t\t\t\t\t\t<\/li>\n\t\t\t\t\t\t\t\t<li class=\"elementor-icon-list-item elementor-inline-item\">\n\t\t\t\t\t\t\t\t\t\t\t<span class=\"elementor-icon-list-icon\">\n\t\t\t\t\t\t\t<i aria-hidden=\"true\" class=\"fas fa-check\"><\/i>\t\t\t\t\t\t<\/span>\n\t\t\t\t\t\t\t\t\t\t<span class=\"elementor-icon-list-text\">Brezpla\u010dna odpoved do 24h vnaprej<\/span>\n\t\t\t\t\t\t\t\t\t<\/li>\n\t\t\t\t\t\t\t\t<li class=\"elementor-icon-list-item elementor-inline-item\">\n\t\t\t\t\t\t\t\t\t\t\t<span class=\"elementor-icon-list-icon\">\n\t\t\t\t\t\t\t<i aria-hidden=\"true\" class=\"fas fa-check\"><\/i>\t\t\t\t\t\t<\/span>\n\t\t\t\t\t\t\t\t\t\t<span class=\"elementor-icon-list-text\">Rezervirajte 2 do\u017eivetji in prihranite<\/span>\n\t\t\t\t\t\t\t\t\t<\/li>\n\t\t\t\t\t\t<\/ul>\n\t\t\t\t\t\t<\/div>\n\t\t\t\t<\/div>\n\t\t\t\t\t<\/div>\n\t\t<\/div>\n\t\t\t\t\t<\/div>\n\t\t<\/section>\n\t\t\t\t<section class=\"elementor-section elementor-top-section elementor-element elementor-element-acb4560 elementor-section-boxed elementor-section-height-default elementor-section-height-default\" data-id=\"acb4560\" data-element_type=\"section\" data-e-type=\"section\">\n\t\t\t\t\t\t<div class=\"elementor-container elementor-column-gap-default\">\n\t\t\t\t\t<div class=\"elementor-column elementor-col-100 elementor-top-column elementor-element elementor-element-bdd5b76\" data-id=\"bdd5b76\" data-element_type=\"column\" data-e-type=\"column\">\n\t\t\t<div class=\"elementor-widget-wrap elementor-element-populated\">\n\t\t\t\t\t\t<section class=\"elementor-section elementor-inner-section elementor-element elementor-element-eb57068 elementor-section-boxed elementor-section-height-default elementor-section-height-default\" data-id=\"eb57068\" data-element_type=\"section\" data-e-type=\"section\">\n\t\t\t\t\t\t<div class=\"elementor-container elementor-column-gap-default\">\n\t\t\t\t\t<div class=\"elementor-column elementor-col-50 elementor-inner-column elementor-element elementor-element-a7b3c12\" data-id=\"a7b3c12\" data-element_type=\"column\" data-e-type=\"column\">\n\t\t\t<div class=\"elementor-widget-wrap elementor-element-populated\">\n\t\t\t\t\t\t<div class=\"elementor-element elementor-element-ff7e427 elementor-widget elementor-widget-html\" data-id=\"ff7e427\" data-element_type=\"widget\" data-e-type=\"widget\" data-widget_type=\"html.default\">\n\t\t\t\t<div class=\"elementor-widget-container\">\n\t\t\t\t\t<style>.elementor-element-ff7e427{display:none !important}<\/style>\t\t\t\t<\/div>\n\t\t\t\t<\/div>\n\t\t\t\t<div class=\"elementor-element elementor-element-4adba0b elementor-widget elementor-widget-html\" data-id=\"4adba0b\" data-element_type=\"widget\" data-e-type=\"widget\" data-widget_type=\"html.default\">\n\t\t\t\t<div class=\"elementor-widget-container\">\n\t\t\t\t\t<script type=\"text\/javascript\" src=\"https:\/\/widgets.bokun.io\/assets\/javascripts\/apps\/build\/BokunWidgetsLoader.js?bookingChannelUUID=2706d849-dd7d-4744-accf-bdf817a07d10\" async><\/script>\r\n     \r\n    <div class=\"bokunWidget\" data-src=\"https:\/\/widgets.bokun.io\/online-sales\/2706d849-dd7d-4744-accf-bdf817a07d10\/product-list\/20580\"><\/div>\r\n    <noscript>Please enable javascript in your browser to book<\/noscript>\r\n\t\t\t\t<\/div>\n\t\t\t\t<\/div>\n\t\t\t\t<div class=\"elementor-element elementor-element-186ec8f elementor-widget elementor-widget-html\" data-id=\"186ec8f\" data-element_type=\"widget\" data-e-type=\"widget\" data-widget_type=\"html.default\">\n\t\t\t\t<div class=\"elementor-widget-container\">\n\t\t\t\t\t<style>.elementor-element-186ec8f{display:none !important}<\/style>\t\t\t\t<\/div>\n\t\t\t\t<\/div>\n\t\t\t\t\t<\/div>\n\t\t<\/div>\n\t\t\t\t<div class=\"elementor-column elementor-col-50 elementor-inner-column elementor-element elementor-element-a676271\" data-id=\"a676271\" data-element_type=\"column\" data-e-type=\"column\">\n\t\t\t<div class=\"elementor-widget-wrap elementor-element-populated\">\n\t\t\t\t\t\t<div class=\"elementor-element elementor-element-a0851f1 elementor-widget elementor-widget-text-editor\" data-id=\"a0851f1\" data-element_type=\"widget\" data-e-type=\"widget\" data-widget_type=\"text-editor.default\">\n\t\t\t\t<div class=\"elementor-widget-container\">\n\t\t\t\t\t\t\t\t\t<p>Imate vpra\u0161anja o izbranem do\u017eivetju?<\/p>\t\t\t\t\t\t\t\t<\/div>\n\t\t\t\t<\/div>\n\t\t\t\t<div class=\"elementor-element elementor-element-15ce422 elementor-widget elementor-widget-toggle\" data-id=\"15ce422\" data-element_type=\"widget\" data-e-type=\"widget\" data-widget_type=\"toggle.default\">\n\t\t\t\t<div class=\"elementor-widget-container\">\n\t\t\t\t\t\t\t<div class=\"elementor-toggle\">\n\t\t\t\t\t\t\t<div class=\"elementor-toggle-item\">\n\t\t\t\t\t<div id=\"elementor-tab-title-2281\" class=\"elementor-tab-title\" data-tab=\"1\" role=\"button\" aria-controls=\"elementor-tab-content-2281\" aria-expanded=\"false\">\n\t\t\t\t\t\t\t\t\t\t\t\t<span class=\"elementor-toggle-icon elementor-toggle-icon-left\" aria-hidden=\"true\">\n\t\t\t\t\t\t\t\t\t\t\t\t\t\t\t<span class=\"elementor-toggle-icon-closed\"><i class=\"fas fa-caret-right\"><\/i><\/span>\n\t\t\t\t\t\t\t\t<span class=\"elementor-toggle-icon-opened\"><i class=\"elementor-toggle-icon-opened fas fa-caret-up\"><\/i><\/span>\n\t\t\t\t\t\t\t\t\t\t\t\t\t<\/span>\n\t\t\t\t\t\t\t\t\t\t\t\t<a class=\"elementor-toggle-title\" tabindex=\"0\">Lahko rezerviram za danes?<\/a>\n\t\t\t\t\t<\/div>\n\n\t\t\t\t\t<div id=\"elementor-tab-content-2281\" class=\"elementor-tab-content elementor-clearfix\" data-tab=\"1\" role=\"region\" aria-labelledby=\"elementor-tab-title-2281\"><p>Seveda! Rezervirate lahko preprosto prek spleta \u2013 \u010de je prikazano kot zasedeno, nas preprosto pokli\u010dite in pomagali vam bomo.<\/p><\/div>\n\t\t\t\t<\/div>\n\t\t\t\t\t\t\t<div class=\"elementor-toggle-item\">\n\t\t\t\t\t<div id=\"elementor-tab-title-2282\" class=\"elementor-tab-title\" data-tab=\"2\" role=\"button\" aria-controls=\"elementor-tab-content-2282\" aria-expanded=\"false\">\n\t\t\t\t\t\t\t\t\t\t\t\t<span class=\"elementor-toggle-icon elementor-toggle-icon-left\" aria-hidden=\"true\">\n\t\t\t\t\t\t\t\t\t\t\t\t\t\t\t<span class=\"elementor-toggle-icon-closed\"><i class=\"fas fa-caret-right\"><\/i><\/span>\n\t\t\t\t\t\t\t\t<span class=\"elementor-toggle-icon-opened\"><i class=\"elementor-toggle-icon-opened fas fa-caret-up\"><\/i><\/span>\n\t\t\t\t\t\t\t\t\t\t\t\t\t<\/span>\n\t\t\t\t\t\t\t\t\t\t\t\t<a class=\"elementor-toggle-title\" tabindex=\"0\">Se lahko pridru\u017eim sam\/a?<\/a>\n\t\t\t\t\t<\/div>\n\n\t\t\t\t\t<div id=\"elementor-tab-content-2282\" class=\"elementor-tab-content elementor-clearfix\" data-tab=\"2\" role=\"region\" aria-labelledby=\"elementor-tab-title-2282\"><p>Seveda! Ne pozabite pa, da na\u0161a do\u017eivetja zahtevajo vsaj dva udele\u017eenca, tako da, \u010de ne najdete izleta z dovolj udele\u017eenci, nas kontaktirajte in pomagali vam bomo.<\/p><\/div>\n\t\t\t\t<\/div>\n\t\t\t\t\t\t\t<div class=\"elementor-toggle-item\">\n\t\t\t\t\t<div id=\"elementor-tab-title-2283\" class=\"elementor-tab-title\" data-tab=\"3\" role=\"button\" aria-controls=\"elementor-tab-content-2283\" aria-expanded=\"false\">\n\t\t\t\t\t\t\t\t\t\t\t\t<span class=\"elementor-toggle-icon elementor-toggle-icon-left\" aria-hidden=\"true\">\n\t\t\t\t\t\t\t\t\t\t\t\t\t\t\t<span class=\"elementor-toggle-icon-closed\"><i class=\"fas fa-caret-right\"><\/i><\/span>\n\t\t\t\t\t\t\t\t<span class=\"elementor-toggle-icon-opened\"><i class=\"elementor-toggle-icon-opened fas fa-caret-up\"><\/i><\/span>\n\t\t\t\t\t\t\t\t\t\t\t\t\t<\/span>\n\t\t\t\t\t\t\t\t\t\t\t\t<a class=\"elementor-toggle-title\" tabindex=\"0\">Ali lahko rezerviram po telefonu?<\/a>\n\t\t\t\t\t<\/div>\n\n\t\t\t\t\t<div id=\"elementor-tab-content-2283\" class=\"elementor-tab-content elementor-clearfix\" data-tab=\"3\" role=\"region\" aria-labelledby=\"elementor-tab-title-2283\"><p>Z veseljem bomo odgovorili na vpra\u0161anja po telefonu. Vse rezervacije pa je potrebno opraviti prek spleta \u2013 za potrditev je potrebno pla\u010dilo akontacije. Edina izjema so rezervacije v zadnjem trenutku, opravljene isti dan.<\/p><\/div>\n\t\t\t\t<\/div>\n\t\t\t\t\t\t\t\t<\/div>\n\t\t\t\t\t\t<\/div>\n\t\t\t\t<\/div>\n\t\t\t\t<div class=\"elementor-element elementor-element-6877027 elementor-widget elementor-widget-text-editor\" data-id=\"6877027\" data-element_type=\"widget\" data-e-type=\"widget\" data-widget_type=\"text-editor.default\">\n\t\t\t\t<div class=\"elementor-widget-container\">\n\t\t\t\t\t\t\t\t\t<p>Potrebujete pomo\u010d pri izbiri do\u017eivetja? Kontaktirajte nas \u2013 z veseljem vam bomo pomagali.<\/p>\t\t\t\t\t\t\t\t<\/div>\n\t\t\t\t<\/div>\n\t\t\t\t<div class=\"elementor-element elementor-element-ea6e65c elementor-tablet-align-start elementor-align-start elementor-mobile-align-start elementor-icon-list--layout-traditional elementor-list-item-link-full_width elementor-widget elementor-widget-icon-list\" data-id=\"ea6e65c\" data-element_type=\"widget\" data-e-type=\"widget\" data-widget_type=\"icon-list.default\">\n\t\t\t\t<div class=\"elementor-widget-container\">\n\t\t\t\t\t\t\t<ul class=\"elementor-icon-list-items\">\n\t\t\t\t\t\t\t<li class=\"elementor-icon-list-item\">\n\t\t\t\t\t\t\t\t\t\t\t<a href=\"tel:+386%2040%20534%20919\">\n\n\t\t\t\t\t\t\t\t\t\t\t\t<span class=\"elementor-icon-list-icon\">\n\t\t\t\t\t\t\t<i aria-hidden=\"true\" class=\"fas fa-phone-alt\"><\/i>\t\t\t\t\t\t<\/span>\n\t\t\t\t\t\t\t\t\t\t<span class=\"elementor-icon-list-text\">+386 40 534 919<\/span>\n\t\t\t\t\t\t\t\t\t\t\t<\/a>\n\t\t\t\t\t\t\t\t\t<\/li>\n\t\t\t\t\t\t\t\t<li class=\"elementor-icon-list-item\">\n\t\t\t\t\t\t\t\t\t\t\t<a href=\"\/si\/contact-us\/\">\n\n\t\t\t\t\t\t\t\t\t\t\t\t<span class=\"elementor-icon-list-icon\">\n\t\t\t\t\t\t\t<i aria-hidden=\"true\" class=\"fas fa-envelope\"><\/i>\t\t\t\t\t\t<\/span>\n\t\t\t\t\t\t\t\t\t\t<span class=\"elementor-icon-list-text\">Pi\u0161ite nam<\/span>\n\t\t\t\t\t\t\t\t\t\t\t<\/a>\n\t\t\t\t\t\t\t\t\t<\/li>\n\t\t\t\t\t\t<\/ul>\n\t\t\t\t\t\t<\/div>\n\t\t\t\t<\/div>\n\t\t\t\t\t<\/div>\n\t\t<\/div>\n\t\t\t\t\t<\/div>\n\t\t<\/section>\n\t\t\t\t\t<\/div>\n\t\t<\/div>\n\t\t\t\t\t<\/div>\n\t\t<\/section>\n\t\t\t\t<\/div>","protected":false},"excerpt":{"rendered":"<p>Choose Your Adventure Instant confirmation Risk free &#8211; cancel up to 24h before Save when booking 2 or more tours Please enable javascript in your browser to book Please enable javascript in your browser to book Please enable javascript in your browser to book Have questions about your adventure? Can I book for today? Sure! [&hellip;]<\/p>\n","protected":false},"author":1,"featured_media":0,"parent":0,"menu_order":0,"comment_status":"closed","ping_status":"closed","template":"elementor_header_footer","meta":{"footnotes":""},"class_list":["post-3942","page","type-page","status-publish","hentry","entry"],"yoast_head":"<!-- This site is optimized with the Yoast SEO Premium plugin v27.3 (Yoast SEO v27.3) - https:\/\/yoast.com\/product\/yoast-seo-premium-wordpress\/ -->\n<title>Book Adventures Online - Nature&#039;s Ways<\/title>\n<meta name=\"robots\" content=\"index, follow, max-snippet:-1, max-image-preview:large, max-video-preview:-1\" \/>\n<link rel=\"canonical\" href=\"https:\/\/www.econaturesways.com\/si\/book-adventures-online\/\" \/>\n<meta property=\"og:locale\" content=\"sl_SI\" \/>\n<meta property=\"og:type\" content=\"article\" \/>\n<meta property=\"og:title\" content=\"Book Adventures Online\" \/>\n<meta property=\"og:description\" content=\"Choose Your Adventure Instant confirmation Risk free - cancel up to 24h before Save when booking 2 or more tours Please enable javascript in your browser\" \/>\n<meta property=\"og:url\" content=\"https:\/\/www.econaturesways.com\/si\/book-adventures-online\/\" \/>\n<meta property=\"og:site_name\" content=\"Nature&#039;s Ways\" \/>\n<meta property=\"article:publisher\" content=\"https:\/\/www.facebook.com\/econaturesways\" \/>\n<meta property=\"article:modified_time\" content=\"2026-02-21T10:04:19+00:00\" \/>\n<meta name=\"twitter:card\" content=\"summary_large_image\" \/>\n<meta name=\"twitter:label1\" content=\"Est. reading time\" \/>\n\t<meta name=\"twitter:data1\" content=\"1 minuta\" \/>\n<script type=\"application\/ld+json\" class=\"yoast-schema-graph\">{\"@context\":\"https:\\\/\\\/schema.org\",\"@graph\":[{\"@type\":\"WebPage\",\"@id\":\"https:\\\/\\\/www.econaturesways.com\\\/book-adventures-online\\\/\",\"url\":\"https:\\\/\\\/www.econaturesways.com\\\/book-adventures-online\\\/\",\"name\":\"Book Adventures Online - Nature&#039;s Ways\",\"isPartOf\":{\"@id\":\"https:\\\/\\\/www.econaturesways.com\\\/#website\"},\"datePublished\":\"2022-01-24T20:19:10+00:00\",\"dateModified\":\"2026-02-21T10:04:19+00:00\",\"breadcrumb\":{\"@id\":\"https:\\\/\\\/www.econaturesways.com\\\/book-adventures-online\\\/#breadcrumb\"},\"inLanguage\":\"sl-SI\",\"potentialAction\":[{\"@type\":\"ReadAction\",\"target\":[\"https:\\\/\\\/www.econaturesways.com\\\/book-adventures-online\\\/\"]}]},{\"@type\":\"BreadcrumbList\",\"@id\":\"https:\\\/\\\/www.econaturesways.com\\\/book-adventures-online\\\/#breadcrumb\",\"itemListElement\":[{\"@type\":\"ListItem\",\"position\":1,\"name\":\"Home\",\"item\":\"https:\\\/\\\/www.econaturesways.com\\\/\"},{\"@type\":\"ListItem\",\"position\":2,\"name\":\"Book Adventures Online\"}]},{\"@type\":\"WebSite\",\"@id\":\"https:\\\/\\\/www.econaturesways.com\\\/#website\",\"url\":\"https:\\\/\\\/www.econaturesways.com\\\/\",\"name\":\"Nature's Ways Bovec\",\"description\":\"Sustainable Active Holidays in Bovec\",\"publisher\":{\"@id\":\"https:\\\/\\\/www.econaturesways.com\\\/#organization\"},\"potentialAction\":[{\"@type\":\"SearchAction\",\"target\":{\"@type\":\"EntryPoint\",\"urlTemplate\":\"https:\\\/\\\/www.econaturesways.com\\\/?s={search_term_string}\"},\"query-input\":{\"@type\":\"PropertyValueSpecification\",\"valueRequired\":true,\"valueName\":\"search_term_string\"}}],\"inLanguage\":\"sl-SI\"},{\"@type\":[\"Organization\",\"Place\",\"SportsActivityLocation\"],\"@id\":\"https:\\\/\\\/www.econaturesways.com\\\/#organization\",\"name\":\"Nature's Ways - Rafting & Canyoning Bovec\",\"url\":\"https:\\\/\\\/www.econaturesways.com\\\/\",\"logo\":{\"@id\":\"https:\\\/\\\/www.econaturesways.com\\\/book-adventures-online\\\/#local-main-organization-logo\"},\"image\":{\"@id\":\"https:\\\/\\\/www.econaturesways.com\\\/book-adventures-online\\\/#local-main-organization-logo\"},\"sameAs\":[\"https:\\\/\\\/www.facebook.com\\\/econaturesways\",\"https:\\\/\\\/www.instagram.com\\\/natureswaysbovec\"],\"description\":\"Nature's Way Bovec offers small group rafting and canyoning tours in the heart of the So\u010da Valley. We provide a premium alternative to crowded tourist excursions, focusing on unhurried journeys through Bovec\u2019s hidden natural corridors. Our mission is to connect guests with the pristine energy of the So\u010da river while actively protecting the environment through sustainable tourism practices.\\\"\",\"legalName\":\"Natures Ways d.o.o\",\"foundingDate\":\"2018-03-27\",\"numberOfEmployees\":{\"@type\":\"QuantitativeValue\",\"minValue\":\"1\",\"maxValue\":\"10\"},\"address\":{\"@id\":\"https:\\\/\\\/www.econaturesways.com\\\/book-adventures-online\\\/#local-main-place-address\"},\"geo\":{\"@type\":\"GeoCoordinates\",\"latitude\":\"461927.9\",\"longitude\":\"133311.4\"},\"telephone\":[\"00386 40 534 919\"],\"openingHoursSpecification\":[{\"@type\":\"OpeningHoursSpecification\",\"dayOfWeek\":[\"Monday\",\"Tuesday\",\"Wednesday\",\"Thursday\",\"Friday\",\"Saturday\",\"Sunday\"],\"opens\":\"08:00\",\"closes\":\"19:00\"}],\"email\":\"info@econaturesways.com\",\"areaServed\":\"Bovec, Slovenia\",\"vatID\":\"SI20964528\",\"priceRange\":\"$$\",\"currenciesAccepted\":\"EUR\",\"paymentAccepted\":\"Cash, Credit\\\/Debit Card\"},{\"@type\":\"PostalAddress\",\"@id\":\"https:\\\/\\\/www.econaturesways.com\\\/book-adventures-online\\\/#local-main-place-address\",\"streetAddress\":\"Nature's Ways - Rafting & Canyoning Bovec, Cezsoca 78\",\"addressLocality\":\"Bovec\",\"postalCode\":\"5230\",\"addressCountry\":\"SI\"},{\"@type\":\"ImageObject\",\"inLanguage\":\"sl-SI\",\"@id\":\"https:\\\/\\\/www.econaturesways.com\\\/book-adventures-online\\\/#local-main-organization-logo\",\"url\":\"https:\\\/\\\/www.econaturesways.com\\\/wp-content\\\/uploads\\\/2019\\\/11\\\/natures-ways-outdoor-agency-bovec-slovenia-rafting-canyoning-1.png\",\"contentUrl\":\"https:\\\/\\\/www.econaturesways.com\\\/wp-content\\\/uploads\\\/2019\\\/11\\\/natures-ways-outdoor-agency-bovec-slovenia-rafting-canyoning-1.png\",\"width\":250,\"height\":91,\"caption\":\"Nature's Ways - Rafting & Canyoning Bovec\"}]}<\/script>\n<meta name=\"geo.placename\" content=\"Bovec\" \/>\n<meta name=\"geo.position\" content=\"461927.9;133311.4\" \/>\n<meta name=\"geo.region\" content=\"Slovenia\" \/>\n<!-- \/ Yoast SEO Premium plugin. -->","yoast_head_json":{"title":"Book Adventures Online - Nature&#039;s Ways","robots":{"index":"index","follow":"follow","max-snippet":"max-snippet:-1","max-image-preview":"max-image-preview:large","max-video-preview":"max-video-preview:-1"},"canonical":"https:\/\/www.econaturesways.com\/si\/book-adventures-online\/","og_locale":"sl_SI","og_type":"article","og_title":"Book Adventures Online","og_description":"Choose Your Adventure Instant confirmation Risk free - cancel up to 24h before Save when booking 2 or more tours Please enable javascript in your browser","og_url":"https:\/\/www.econaturesways.com\/si\/book-adventures-online\/","og_site_name":"Nature&#039;s Ways","article_publisher":"https:\/\/www.facebook.com\/econaturesways","article_modified_time":"2026-02-21T10:04:19+00:00","twitter_card":"summary_large_image","twitter_misc":{"Est. reading time":"1 minuta"},"schema":{"@context":"https:\/\/schema.org","@graph":[{"@type":"WebPage","@id":"https:\/\/www.econaturesways.com\/book-adventures-online\/","url":"https:\/\/www.econaturesways.com\/book-adventures-online\/","name":"Book Adventures Online - Nature&#039;s Ways","isPartOf":{"@id":"https:\/\/www.econaturesways.com\/#website"},"datePublished":"2022-01-24T20:19:10+00:00","dateModified":"2026-02-21T10:04:19+00:00","breadcrumb":{"@id":"https:\/\/www.econaturesways.com\/book-adventures-online\/#breadcrumb"},"inLanguage":"sl-SI","potentialAction":[{"@type":"ReadAction","target":["https:\/\/www.econaturesways.com\/book-adventures-online\/"]}]},{"@type":"BreadcrumbList","@id":"https:\/\/www.econaturesways.com\/book-adventures-online\/#breadcrumb","itemListElement":[{"@type":"ListItem","position":1,"name":"Home","item":"https:\/\/www.econaturesways.com\/"},{"@type":"ListItem","position":2,"name":"Book Adventures Online"}]},{"@type":"WebSite","@id":"https:\/\/www.econaturesways.com\/#website","url":"https:\/\/www.econaturesways.com\/","name":"Nature's Ways Bovec","description":"Aktivni oddih z mislijo na naravo","publisher":{"@id":"https:\/\/www.econaturesways.com\/#organization"},"potentialAction":[{"@type":"SearchAction","target":{"@type":"EntryPoint","urlTemplate":"https:\/\/www.econaturesways.com\/?s={search_term_string}"},"query-input":{"@type":"PropertyValueSpecification","valueRequired":true,"valueName":"search_term_string"}}],"inLanguage":"sl-SI"},{"@type":["Organization","Place","SportsActivityLocation"],"@id":"https:\/\/www.econaturesways.com\/#organization","name":"Nature's Ways - Rafting & Canyoning Bovec","url":"https:\/\/www.econaturesways.com\/","logo":{"@id":"https:\/\/www.econaturesways.com\/book-adventures-online\/#local-main-organization-logo"},"image":{"@id":"https:\/\/www.econaturesways.com\/book-adventures-online\/#local-main-organization-logo"},"sameAs":["https:\/\/www.facebook.com\/econaturesways","https:\/\/www.instagram.com\/natureswaysbovec"],"description":"Nature's Way Bovec offers small group rafting and canyoning tours in the heart of the So\u010da Valley. We provide a premium alternative to crowded tourist excursions, focusing on unhurried journeys through Bovec\u2019s hidden natural corridors. Our mission is to connect guests with the pristine energy of the So\u010da river while actively protecting the environment through sustainable tourism practices.\"","legalName":"Natures Ways d.o.o","foundingDate":"2018-03-27","numberOfEmployees":{"@type":"QuantitativeValue","minValue":"1","maxValue":"10"},"address":{"@id":"https:\/\/www.econaturesways.com\/book-adventures-online\/#local-main-place-address"},"geo":{"@type":"GeoCoordinates","latitude":"461927.9","longitude":"133311.4"},"telephone":["00386 40 534 919"],"openingHoursSpecification":[{"@type":"OpeningHoursSpecification","dayOfWeek":["Monday","Tuesday","Wednesday","Thursday","Friday","Saturday","Sunday"],"opens":"08:00","closes":"19:00"}],"email":"info@econaturesways.com","areaServed":"Bovec, Slovenia","vatID":"SI20964528","priceRange":"$$","currenciesAccepted":"EUR","paymentAccepted":"Cash, Credit\/Debit Card"},{"@type":"PostalAddress","@id":"https:\/\/www.econaturesways.com\/book-adventures-online\/#local-main-place-address","streetAddress":"Nature's Ways - Rafting & Canyoning Bovec, Cezsoca 78","addressLocality":"Bovec","postalCode":"5230","addressCountry":"SI"},{"@type":"ImageObject","inLanguage":"sl-SI","@id":"https:\/\/www.econaturesways.com\/book-adventures-online\/#local-main-organization-logo","url":"https:\/\/www.econaturesways.com\/wp-content\/uploads\/2019\/11\/natures-ways-outdoor-agency-bovec-slovenia-rafting-canyoning-1.png","contentUrl":"https:\/\/www.econaturesways.com\/wp-content\/uploads\/2019\/11\/natures-ways-outdoor-agency-bovec-slovenia-rafting-canyoning-1.png","width":250,"height":91,"caption":"Nature's Ways - Rafting & Canyoning Bovec"}]},"geo.placename":"Bovec","geo.position":{"lat":"461927.9","long":"133311.4"},"geo.region":"Slovenia"},"_links":{"self":[{"href":"https:\/\/www.econaturesways.com\/si\/wp-json\/wp\/v2\/pages\/3942","targetHints":{"allow":["GET"]}}],"collection":[{"href":"https:\/\/www.econaturesways.com\/si\/wp-json\/wp\/v2\/pages"}],"about":[{"href":"https:\/\/www.econaturesways.com\/si\/wp-json\/wp\/v2\/types\/page"}],"author":[{"embeddable":true,"href":"https:\/\/www.econaturesways.com\/si\/wp-json\/wp\/v2\/users\/1"}],"replies":[{"embeddable":true,"href":"https:\/\/www.econaturesways.com\/si\/wp-json\/wp\/v2\/comments?post=3942"}],"version-history":[{"count":147,"href":"https:\/\/www.econaturesways.com\/si\/wp-json\/wp\/v2\/pages\/3942\/revisions"}],"predecessor-version":[{"id":13775,"href":"https:\/\/www.econaturesways.com\/si\/wp-json\/wp\/v2\/pages\/3942\/revisions\/13775"}],"wp:attachment":[{"href":"https:\/\/www.econaturesways.com\/si\/wp-json\/wp\/v2\/media?parent=3942"}],"curies":[{"name":"wp","href":"https:\/\/api.w.org\/{rel}","templated":true}]}}