{"id":939,"date":"2019-12-05T14:33:55","date_gmt":"2019-12-05T13:33:55","guid":{"rendered":"http:\/\/icy-ghost.flywheelsites.com\/?page_id=939"},"modified":"2025-02-13T11:57:45","modified_gmt":"2025-02-13T10:57:45","slug":"terms-conditions","status":"publish","type":"page","link":"https:\/\/www.econaturesways.com\/de\/terms-conditions\/","title":{"rendered":"Terms &#038; Conditions"},"content":{"rendered":"<div data-elementor-type=\"wp-page\" data-elementor-id=\"939\" class=\"elementor elementor-939\" data-elementor-post-type=\"page\">\n\t\t\t\t\t\t<section class=\"elementor-section elementor-top-section elementor-element elementor-element-1ac9708b elementor-section-boxed elementor-section-height-default elementor-section-height-default\" data-id=\"1ac9708b\" data-element_type=\"section\" data-e-type=\"section\" data-settings=\"{&quot;background_background&quot;:&quot;classic&quot;}\">\n\t\t\t\t\t\t\t<div class=\"elementor-background-overlay\"><\/div>\n\t\t\t\t\t\t\t<div class=\"elementor-container elementor-column-gap-default\">\n\t\t\t\t\t<div class=\"elementor-column elementor-col-100 elementor-top-column elementor-element elementor-element-4e5b2f68\" data-id=\"4e5b2f68\" data-element_type=\"column\" data-e-type=\"column\" data-settings=\"{&quot;background_background&quot;:&quot;classic&quot;}\">\n\t\t\t<div class=\"elementor-widget-wrap elementor-element-populated\">\n\t\t\t\t\t\t<div class=\"elementor-element elementor-element-254fb206 elementor-widget-divider--view-line elementor-widget elementor-widget-divider\" data-id=\"254fb206\" data-element_type=\"widget\" data-e-type=\"widget\" data-widget_type=\"divider.default\">\n\t\t\t\t<div class=\"elementor-widget-container\">\n\t\t\t\t\t\t\t<div class=\"elementor-divider\">\n\t\t\t<span class=\"elementor-divider-separator\">\n\t\t\t\t\t\t<\/span>\n\t\t<\/div>\n\t\t\t\t\t\t<\/div>\n\t\t\t\t<\/div>\n\t\t\t\t<div class=\"elementor-element elementor-element-14803faa elementor-widget elementor-widget-heading\" data-id=\"14803faa\" data-element_type=\"widget\" data-e-type=\"widget\" data-widget_type=\"heading.default\">\n\t\t\t\t<div class=\"elementor-widget-container\">\n\t\t\t\t\t<h1 class=\"elementor-heading-title elementor-size-default\">AGB<\/h1>\t\t\t\t<\/div>\n\t\t\t\t<\/div>\n\t\t\t\t<div class=\"elementor-element elementor-element-3c88dc7a elementor-widget elementor-widget-text-editor\" data-id=\"3c88dc7a\" data-element_type=\"widget\" data-e-type=\"widget\" data-widget_type=\"text-editor.default\">\n\t\t\t\t<div class=\"elementor-widget-container\">\n\t\t\t\t\t\t\t\t\t<p class=\"font_8\">Das Unternehmen Natures Ways d.o.o. (Nature\u2019s Ways) organisiert und f\u00fchrt im So\u010da-Tal in Slowenien Sportaktivit\u00e4ten durch, beispielsweise Rafting, Canyoning und andere Sportaktivit\u00e4ten.<\/p>\t\t\t\t\t\t\t\t<\/div>\n\t\t\t\t<\/div>\n\t\t\t\t<div class=\"elementor-element elementor-element-6ffeaf76 elementor-widget elementor-widget-heading\" data-id=\"6ffeaf76\" data-element_type=\"widget\" data-e-type=\"widget\" data-widget_type=\"heading.default\">\n\t\t\t\t<div class=\"elementor-widget-container\">\n\t\t\t\t\t<h2 class=\"elementor-heading-title elementor-size-default\">Teilnahme an den Aktivit\u00e4ten<\/h2>\t\t\t\t<\/div>\n\t\t\t\t<\/div>\n\t\t\t\t<div class=\"elementor-element elementor-element-1fbba562 elementor-widget elementor-widget-text-editor\" data-id=\"1fbba562\" data-element_type=\"widget\" data-e-type=\"widget\" data-widget_type=\"text-editor.default\">\n\t\t\t\t<div class=\"elementor-widget-container\">\n\t\t\t\t\t\t\t\t\t<p class=\"font_8 translation-block\">\u2013 Die Mindestteilnehmerzahl betr\u00e4gt 2 Personen.<br>\u2013 Das Mindestalter der Teilnehmer ist in der Beschreibung der einzelnen Aktivit\u00e4ten angegeben.<br>\u2013 Die sportliche Aktivit\u00e4t findet von der Ann\u00e4herung des Gastes an den Reiseleiter am Ausgangspunkt bis zum Ende der Exkursion statt \u2013 der R\u00fcckkehr zu unserem Sportzentrum. Nature\u2019s Ways ist nicht verantwortlich f\u00fcr Sch\u00e4den, die au\u00dferhalb der Expedition entstehen.<br>\u2013 Bei schlechtem Wetter oder anderen au\u00dfergew\u00f6hnlichen Umst\u00e4nden beh\u00e4lt sich Nature\u2019s Ways das Recht vor, die Aktivit\u00e4t jederzeit abzusagen oder auszusetzen. Wenn Nature\u2019s Ways die Reise vor Beginn absagt, haben Sie Anspruch auf eine R\u00fcckerstattung. Falls die Nature\u2018s Ways-Reise w\u00e4hrend der Reise selbst aufgrund h\u00f6herer Gewalt (z.\u00a0B. Wetter) und infolgedessen aus Sicherheitsgr\u00fcnden unterbrochen oder verk\u00fcrzt wird, erstatten wir das Geld nicht.<br>\u2013 Nature\u2018s Ways beh\u00e4lt sich das Recht vor, eine Reise abzusagen, wenn die Teilnehmerzahl unter der Mindestzahl liegt.<br>\u2013 Im Falle einer Stornierung der Aktivit\u00e4t durch den Gast, nachdem er die obligatorische Ausr\u00fcstung f\u00fcr die Sportaktivit\u00e4t erhalten hat, und im Falle einer verk\u00fcrzten Reise aufgrund mangelnder k\u00f6rperlicher Fitness des Einzelnen hat der Teilnehmer keinen Anspruch auf Erstattung der Reservierungskosten.<br>\u2013 Nature\u2018s Ways bietet keine R\u00fcckerstattung an, wenn ein Teilnehmer nach Unterzeichnung der Verzichtserkl\u00e4rung nicht an der Tour teilnehmen kann und darin falsche Angaben gemacht hat, beispielsweise, aber nicht beschr\u00e4nkt auf: Alkoholeinfluss, Schwimmf\u00e4higkeiten\u2026<br>\u2013 Alle \u00fcber unsere Website erworbenen Geschenkkarten sind bis zu dem auf der Geschenkkarte angegebenen Datum g\u00fcltig. Die G\u00fcltigkeit der Geschenkkarte wird nicht verl\u00e4ngert. Nach diesem Datum kann die Geschenkkarte f\u00fcr einen Rabatt von 20 % verwendet werden.<br>\u2013 Alle \u00fcber unsere Website erworbenen Geschenkkarten k\u00f6nnen innerhalb von 14 Tagen nach dem Kauf zur\u00fcckgegeben werden. In diesem Fall erh\u00e4lt der Kunde eine volle R\u00fcckerstattung. R\u00fcckgaben und R\u00fcckerstattungen nach 14 Tagen sind nicht mehr m\u00f6glich.<br>\u2013 F\u00fcr eine volle R\u00fcckerstattung m\u00fcssen Kunden Reservierungen mindestens 24 Stunden vor Beginn der Tour stornieren. Wenn eine Reservierung weniger als 24 Stunden vor Beginn storniert wird, bietet Nature\u2019s Ways keine R\u00fcckerstattung an.<br>\u2013 Nature\u2019s Ways ist nicht verantwortlich f\u00fcr Verletzungen, die durch Versto\u00df gegen eine unterzeichnete Erkl\u00e4rung oder durch Missachtung der Anweisungen von Nature\u2019s Ways entstehen.<br>\u2013 Nature\u2019s Ways erlaubt schwangeren Frauen und Personen mit ernsthaften Gesundheitsproblemen oder Verletzungen nicht die Teilnahme an Sportaktivit\u00e4ten. Personen, die Probleme mit Asthma oder anderen Gesundheitsproblemen haben, m\u00fcssen den Reiseleiter oder einen anderen Mitarbeiter von Nature\u2019s Ways vor Beginn der Reise informieren.<br>\u2013 W\u00e4hrend der Reise auftretende Verletzungen m\u00fcssen unverz\u00fcglich der autorisierten Person von Nature\u2019s Ways gemeldet werden. Der Teilnehmer f\u00fcllt den Unfallbericht aus, den er unterschreiben muss. Nature\u2019s Ways bietet der verletzten Person die entsprechende Erste Hilfe oder begleitet sie zur n\u00e4chstgelegenen Gesundheitseinrichtung. Nature\u2019s Ways ber\u00fccksichtigt keine Verletzungen, die nachtr\u00e4glich gemeldet werden oder im Sportzentrum von Nature\u2019s Ways nicht gemeldet werden.<br>\u2013 Nature\u2019s Ways \u00fcbernimmt keine Verantwortung f\u00fcr verlorene, gestohlene oder besch\u00e4digte pers\u00f6nliche Gegenst\u00e4nde.<br>\u2013 Nature\u2019s Ways macht Fotos von allen Teilnehmern der Aktivit\u00e4t und beh\u00e4lt sich daher das Recht vor, Fotos f\u00fcr Werbezwecke zu verwenden.<br>\u2013 Nature\u2019s Ways beh\u00e4lt sich das Recht vor, Sch\u00e4den, Diebstahl oder Verlust von gemieteter Ausr\u00fcstung in Rechnung zu stellen.<br>Der Betrag wird im Bewertungsprozess durch das Fachpersonal des Unternehmens festgelegt.<br>\u2013 Nature\u2019s Ways beh\u00e4lt sich das Recht vor, die Preise jederzeit zu \u00e4ndern. Kunden mit bestehenden Reservierungen haben das Recht, ihre Reservierung kostenlos zu stornieren, wenn sie mit der Zahlung des neuen Preises nicht einverstanden sind.<\/p>\t\t\t\t\t\t\t\t<\/div>\n\t\t\t\t<\/div>\n\t\t\t\t\t<\/div>\n\t\t<\/div>\n\t\t\t\t\t<\/div>\n\t\t<\/section>\n\t\t\t\t<\/div>","protected":false},"excerpt":{"rendered":"<p>TERMS &amp; CONDITIONS Company Natures Ways d.o.o. (Nature&#8217;s Ways) organizes and performs sports activities in the So\u010da Valley, Slovenia such as: rafting, canyoning and other sports activities. Participation in the activities &#8211; Minimum number of participants is 2 people&#8211; Minimum age of participants is described in the description of individual activities&#8211; Sports activity takes place [&hellip;]<\/p>\n","protected":false},"author":1,"featured_media":0,"parent":0,"menu_order":0,"comment_status":"closed","ping_status":"closed","template":"elementor_header_footer","meta":{"footnotes":""},"class_list":["post-939","page","type-page","status-publish","hentry","entry"],"yoast_head":"<!-- This site is optimized with the Yoast SEO Premium plugin v27.3 (Yoast SEO v27.3) - https:\/\/yoast.com\/product\/yoast-seo-premium-wordpress\/ -->\n<title>Terms &amp; Conditions - Nature&#039;s Ways<\/title>\n<meta name=\"robots\" content=\"index, follow, max-snippet:-1, max-image-preview:large, max-video-preview:-1\" \/>\n<link rel=\"canonical\" href=\"https:\/\/www.econaturesways.com\/de\/terms-conditions\/\" \/>\n<meta property=\"og:locale\" content=\"de_DE\" \/>\n<meta property=\"og:type\" content=\"article\" \/>\n<meta property=\"og:title\" content=\"Terms &amp; Conditions\" \/>\n<meta property=\"og:description\" content=\"TERMS &amp; CONDITIONS Company Natures Ways d.o.o. (Nature&#039;s Ways) organizes and performs sports activities in the So\u010da Valley, Slovenia such as: rafting,\" \/>\n<meta property=\"og:url\" content=\"https:\/\/www.econaturesways.com\/de\/terms-conditions\/\" \/>\n<meta property=\"og:site_name\" content=\"Nature&#039;s Ways\" \/>\n<meta property=\"article:publisher\" content=\"https:\/\/www.facebook.com\/econaturesways\" \/>\n<meta property=\"article:modified_time\" content=\"2025-02-13T10:57:45+00:00\" \/>\n<meta name=\"twitter:card\" content=\"summary_large_image\" \/>\n<meta name=\"twitter:label1\" content=\"Gesch\u00e4tzte Lesezeit\" \/>\n\t<meta name=\"twitter:data1\" content=\"3\u00a0Minuten\" \/>\n<script type=\"application\/ld+json\" class=\"yoast-schema-graph\">{\"@context\":\"https:\\\/\\\/schema.org\",\"@graph\":[{\"@type\":\"WebPage\",\"@id\":\"https:\\\/\\\/www.econaturesways.com\\\/terms-conditions\\\/\",\"url\":\"https:\\\/\\\/www.econaturesways.com\\\/terms-conditions\\\/\",\"name\":\"Terms & Conditions - Nature&#039;s Ways\",\"isPartOf\":{\"@id\":\"https:\\\/\\\/www.econaturesways.com\\\/#website\"},\"datePublished\":\"2019-12-05T13:33:55+00:00\",\"dateModified\":\"2025-02-13T10:57:45+00:00\",\"breadcrumb\":{\"@id\":\"https:\\\/\\\/www.econaturesways.com\\\/terms-conditions\\\/#breadcrumb\"},\"inLanguage\":\"de\",\"potentialAction\":[{\"@type\":\"ReadAction\",\"target\":[\"https:\\\/\\\/www.econaturesways.com\\\/terms-conditions\\\/\"]}]},{\"@type\":\"BreadcrumbList\",\"@id\":\"https:\\\/\\\/www.econaturesways.com\\\/terms-conditions\\\/#breadcrumb\",\"itemListElement\":[{\"@type\":\"ListItem\",\"position\":1,\"name\":\"Home\",\"item\":\"https:\\\/\\\/www.econaturesways.com\\\/\"},{\"@type\":\"ListItem\",\"position\":2,\"name\":\"Terms &#038; Conditions\"}]},{\"@type\":\"WebSite\",\"@id\":\"https:\\\/\\\/www.econaturesways.com\\\/#website\",\"url\":\"https:\\\/\\\/www.econaturesways.com\\\/\",\"name\":\"Nature's Ways Bovec\",\"description\":\"Sustainable Active Holidays in Bovec\",\"publisher\":{\"@id\":\"https:\\\/\\\/www.econaturesways.com\\\/#organization\"},\"potentialAction\":[{\"@type\":\"SearchAction\",\"target\":{\"@type\":\"EntryPoint\",\"urlTemplate\":\"https:\\\/\\\/www.econaturesways.com\\\/?s={search_term_string}\"},\"query-input\":{\"@type\":\"PropertyValueSpecification\",\"valueRequired\":true,\"valueName\":\"search_term_string\"}}],\"inLanguage\":\"de\"},{\"@type\":[\"Organization\",\"Place\",\"SportsActivityLocation\"],\"@id\":\"https:\\\/\\\/www.econaturesways.com\\\/#organization\",\"name\":\"Nature's Ways - Rafting & Canyoning Bovec\",\"url\":\"https:\\\/\\\/www.econaturesways.com\\\/\",\"logo\":{\"@id\":\"https:\\\/\\\/www.econaturesways.com\\\/terms-conditions\\\/#local-main-organization-logo\"},\"image\":{\"@id\":\"https:\\\/\\\/www.econaturesways.com\\\/terms-conditions\\\/#local-main-organization-logo\"},\"sameAs\":[\"https:\\\/\\\/www.facebook.com\\\/econaturesways\",\"https:\\\/\\\/www.instagram.com\\\/natureswaysbovec\"],\"description\":\"Nature's Way Bovec offers small group rafting and canyoning tours in the heart of the So\u010da Valley. We provide a premium alternative to crowded tourist excursions, focusing on unhurried journeys through Bovec\u2019s hidden natural corridors. Our mission is to connect guests with the pristine energy of the So\u010da river while actively protecting the environment through sustainable tourism practices.\\\"\",\"legalName\":\"Natures Ways d.o.o\",\"foundingDate\":\"2018-03-27\",\"numberOfEmployees\":{\"@type\":\"QuantitativeValue\",\"minValue\":\"1\",\"maxValue\":\"10\"},\"address\":{\"@id\":\"https:\\\/\\\/www.econaturesways.com\\\/terms-conditions\\\/#local-main-place-address\"},\"geo\":{\"@type\":\"GeoCoordinates\",\"latitude\":\"461927.9\",\"longitude\":\"133311.4\"},\"telephone\":[\"00386 40 534 919\"],\"openingHoursSpecification\":[{\"@type\":\"OpeningHoursSpecification\",\"dayOfWeek\":[\"Monday\",\"Tuesday\",\"Wednesday\",\"Thursday\",\"Friday\",\"Saturday\",\"Sunday\"],\"opens\":\"08:00\",\"closes\":\"19:00\"}],\"email\":\"info@econaturesways.com\",\"areaServed\":\"Bovec, Slovenia\",\"vatID\":\"SI20964528\",\"priceRange\":\"$$\",\"currenciesAccepted\":\"EUR\",\"paymentAccepted\":\"Cash, Credit\\\/Debit Card\"},{\"@type\":\"PostalAddress\",\"@id\":\"https:\\\/\\\/www.econaturesways.com\\\/terms-conditions\\\/#local-main-place-address\",\"streetAddress\":\"Nature's Ways - Rafting & Canyoning Bovec, Cezsoca 78\",\"addressLocality\":\"Bovec\",\"postalCode\":\"5230\",\"addressCountry\":\"SI\"},{\"@type\":\"ImageObject\",\"inLanguage\":\"de\",\"@id\":\"https:\\\/\\\/www.econaturesways.com\\\/terms-conditions\\\/#local-main-organization-logo\",\"url\":\"https:\\\/\\\/www.econaturesways.com\\\/wp-content\\\/uploads\\\/2019\\\/11\\\/natures-ways-outdoor-agency-bovec-slovenia-rafting-canyoning-1.png\",\"contentUrl\":\"https:\\\/\\\/www.econaturesways.com\\\/wp-content\\\/uploads\\\/2019\\\/11\\\/natures-ways-outdoor-agency-bovec-slovenia-rafting-canyoning-1.png\",\"width\":250,\"height\":91,\"caption\":\"Nature's Ways - Rafting & Canyoning Bovec\"}]}<\/script>\n<meta name=\"geo.placename\" content=\"Bovec\" \/>\n<meta name=\"geo.position\" content=\"461927.9;133311.4\" \/>\n<meta name=\"geo.region\" content=\"Slovenien\" \/>\n<!-- \/ Yoast SEO Premium plugin. -->","yoast_head_json":{"title":"Terms & Conditions - Nature&#039;s Ways","robots":{"index":"index","follow":"follow","max-snippet":"max-snippet:-1","max-image-preview":"max-image-preview:large","max-video-preview":"max-video-preview:-1"},"canonical":"https:\/\/www.econaturesways.com\/de\/terms-conditions\/","og_locale":"de_DE","og_type":"article","og_title":"Terms & Conditions","og_description":"TERMS &amp; CONDITIONS Company Natures Ways d.o.o. (Nature's Ways) organizes and performs sports activities in the So\u010da Valley, Slovenia such as: rafting,","og_url":"https:\/\/www.econaturesways.com\/de\/terms-conditions\/","og_site_name":"Nature&#039;s Ways","article_publisher":"https:\/\/www.facebook.com\/econaturesways","article_modified_time":"2025-02-13T10:57:45+00:00","twitter_card":"summary_large_image","twitter_misc":{"Gesch\u00e4tzte Lesezeit":"3\u00a0Minuten"},"schema":{"@context":"https:\/\/schema.org","@graph":[{"@type":"WebPage","@id":"https:\/\/www.econaturesways.com\/terms-conditions\/","url":"https:\/\/www.econaturesways.com\/terms-conditions\/","name":"Terms & Conditions - Nature&#039;s Ways","isPartOf":{"@id":"https:\/\/www.econaturesways.com\/#website"},"datePublished":"2019-12-05T13:33:55+00:00","dateModified":"2025-02-13T10:57:45+00:00","breadcrumb":{"@id":"https:\/\/www.econaturesways.com\/terms-conditions\/#breadcrumb"},"inLanguage":"de","potentialAction":[{"@type":"ReadAction","target":["https:\/\/www.econaturesways.com\/terms-conditions\/"]}]},{"@type":"BreadcrumbList","@id":"https:\/\/www.econaturesways.com\/terms-conditions\/#breadcrumb","itemListElement":[{"@type":"ListItem","position":1,"name":"Home","item":"https:\/\/www.econaturesways.com\/"},{"@type":"ListItem","position":2,"name":"Terms &#038; Conditions"}]},{"@type":"WebSite","@id":"https:\/\/www.econaturesways.com\/#website","url":"https:\/\/www.econaturesways.com\/","name":"Nature's Ways Bovec","description":"Nachhaltiger Aktivurlaub in Bovec","publisher":{"@id":"https:\/\/www.econaturesways.com\/#organization"},"potentialAction":[{"@type":"SearchAction","target":{"@type":"EntryPoint","urlTemplate":"https:\/\/www.econaturesways.com\/?s={search_term_string}"},"query-input":{"@type":"PropertyValueSpecification","valueRequired":true,"valueName":"search_term_string"}}],"inLanguage":"de"},{"@type":["Organization","Place","SportsActivityLocation"],"@id":"https:\/\/www.econaturesways.com\/#organization","name":"Nature's Ways - Rafting & Canyoning Bovec","url":"https:\/\/www.econaturesways.com\/","logo":{"@id":"https:\/\/www.econaturesways.com\/terms-conditions\/#local-main-organization-logo"},"image":{"@id":"https:\/\/www.econaturesways.com\/terms-conditions\/#local-main-organization-logo"},"sameAs":["https:\/\/www.facebook.com\/econaturesways","https:\/\/www.instagram.com\/natureswaysbovec"],"description":"Nature's Way Bovec offers small group rafting and canyoning tours in the heart of the So\u010da Valley. We provide a premium alternative to crowded tourist excursions, focusing on unhurried journeys through Bovec\u2019s hidden natural corridors. Our mission is to connect guests with the pristine energy of the So\u010da river while actively protecting the environment through sustainable tourism practices.\"","legalName":"Natures Ways d.o.o","foundingDate":"2018-03-27","numberOfEmployees":{"@type":"QuantitativeValue","minValue":"1","maxValue":"10"},"address":{"@id":"https:\/\/www.econaturesways.com\/terms-conditions\/#local-main-place-address"},"geo":{"@type":"GeoCoordinates","latitude":"461927.9","longitude":"133311.4"},"telephone":["00386 40 534 919"],"openingHoursSpecification":[{"@type":"OpeningHoursSpecification","dayOfWeek":["Monday","Tuesday","Wednesday","Thursday","Friday","Saturday","Sunday"],"opens":"08:00","closes":"19:00"}],"email":"info@econaturesways.com","areaServed":"Bovec, Slovenia","vatID":"SI20964528","priceRange":"$$","currenciesAccepted":"EUR","paymentAccepted":"Cash, Credit\/Debit Card"},{"@type":"PostalAddress","@id":"https:\/\/www.econaturesways.com\/terms-conditions\/#local-main-place-address","streetAddress":"Nature's Ways - Rafting & Canyoning Bovec, Cezsoca 78","addressLocality":"Bovec","postalCode":"5230","addressCountry":"SI"},{"@type":"ImageObject","inLanguage":"de","@id":"https:\/\/www.econaturesways.com\/terms-conditions\/#local-main-organization-logo","url":"https:\/\/www.econaturesways.com\/wp-content\/uploads\/2019\/11\/natures-ways-outdoor-agency-bovec-slovenia-rafting-canyoning-1.png","contentUrl":"https:\/\/www.econaturesways.com\/wp-content\/uploads\/2019\/11\/natures-ways-outdoor-agency-bovec-slovenia-rafting-canyoning-1.png","width":250,"height":91,"caption":"Nature's Ways - Rafting & Canyoning Bovec"}]},"geo.placename":"Bovec","geo.position":{"lat":"461927.9","long":"133311.4"},"geo.region":"Slovenien"},"_links":{"self":[{"href":"https:\/\/www.econaturesways.com\/de\/wp-json\/wp\/v2\/pages\/939","targetHints":{"allow":["GET"]}}],"collection":[{"href":"https:\/\/www.econaturesways.com\/de\/wp-json\/wp\/v2\/pages"}],"about":[{"href":"https:\/\/www.econaturesways.com\/de\/wp-json\/wp\/v2\/types\/page"}],"author":[{"embeddable":true,"href":"https:\/\/www.econaturesways.com\/de\/wp-json\/wp\/v2\/users\/1"}],"replies":[{"embeddable":true,"href":"https:\/\/www.econaturesways.com\/de\/wp-json\/wp\/v2\/comments?post=939"}],"version-history":[{"count":0,"href":"https:\/\/www.econaturesways.com\/de\/wp-json\/wp\/v2\/pages\/939\/revisions"}],"wp:attachment":[{"href":"https:\/\/www.econaturesways.com\/de\/wp-json\/wp\/v2\/media?parent=939"}],"curies":[{"name":"wp","href":"https:\/\/api.w.org\/{rel}","templated":true}]}}