{"id":932,"date":"2019-12-05T14:12:30","date_gmt":"2019-12-05T13:12:30","guid":{"rendered":"http:\/\/icy-ghost.flywheelsites.com\/?page_id=932"},"modified":"2024-05-20T00:39:04","modified_gmt":"2024-05-19T22:39:04","slug":"privacy-policy","status":"publish","type":"page","link":"https:\/\/www.econaturesways.com\/de\/privacy-policy\/","title":{"rendered":"Datenschutz-Bestimmungen"},"content":{"rendered":"<div data-elementor-type=\"wp-page\" data-elementor-id=\"932\" class=\"elementor elementor-932\" data-elementor-post-type=\"page\">\n\t\t\t\t\t\t<section class=\"elementor-section elementor-top-section elementor-element elementor-element-76930a14 elementor-section-boxed elementor-section-height-default elementor-section-height-default\" data-id=\"76930a14\" data-element_type=\"section\" data-e-type=\"section\" data-settings=\"{&quot;background_background&quot;:&quot;classic&quot;}\">\n\t\t\t\t\t\t\t<div class=\"elementor-background-overlay\"><\/div>\n\t\t\t\t\t\t\t<div class=\"elementor-container elementor-column-gap-default\">\n\t\t\t\t\t<div class=\"elementor-column elementor-col-100 elementor-top-column elementor-element elementor-element-acf0b35\" data-id=\"acf0b35\" data-element_type=\"column\" data-e-type=\"column\" data-settings=\"{&quot;background_background&quot;:&quot;classic&quot;}\">\n\t\t\t<div class=\"elementor-widget-wrap elementor-element-populated\">\n\t\t\t\t\t\t<div class=\"elementor-element elementor-element-eef432c elementor-widget elementor-widget-html\" data-id=\"eef432c\" data-element_type=\"widget\" data-e-type=\"widget\" data-widget_type=\"html.default\">\n\t\t\t\t<div class=\"elementor-widget-container\">\n\t\t\t\t\t<h1 class=\"privacy-policy-h1 translation-block\">Datenschutzrichtlinie\n<br><span>Letzte Aktualisierung am 19. Mai 2024<\/span>\n<br><span>G\u00fcltigkeitsdatum 20. Mai 2024<\/span><\/h1>\r\n\r\n<p class=\"privacy-policy-p\">\r\n    Diese Datenschutzrichtlinie beschreibt die Richtlinien von Natures Ways d.o.o., \u010cezso\u010da 78, Bovec 5230, Slowenien, E-Mail: info@econaturesways.com, Telefon: +386 41 510 405 zur Erhebung, Nutzung und Offenlegung Ihrer Daten, die wir bei Ihrer Nutzung sammeln unserer Website (https:\/\/www.econaturesways.com). (der Service\"). Indem Sie auf den Dienst zugreifen oder ihn nutzen, stimmen Sie der Erfassung, Nutzung und Offenlegung Ihrer Daten gem\u00e4\u00df dieser Datenschutzrichtlinie zu. Wenn Sie dem nicht zustimmen, greifen Sie bitte nicht auf den Dienst zu und nutzen Sie ihn nicht.\r\n<\/p>\r\n\r\n<p class=\"privacy-policy-p\">\r\n    Wir k\u00f6nnen diese Datenschutzrichtlinie jederzeit ohne vorherige Ank\u00fcndigung \u00e4ndern und werden die \u00fcberarbeitete Datenschutzrichtlinie im Service ver\u00f6ffentlichen. Die \u00fcberarbeitete Richtlinie tritt 180 Tage nach der Ver\u00f6ffentlichung der \u00fcberarbeiteten Richtlinie im Dienst in Kraft und Ihr fortgesetzter Zugriff oder Ihre weitere Nutzung des Dienstes nach diesem Zeitraum stellt Ihre Zustimmung zur \u00fcberarbeiteten Datenschutzrichtlinie dar. Wir empfehlen Ihnen daher, diese Seite regelm\u00e4\u00dfig zu \u00fcberpr\u00fcfen.\r\n<\/p>\r\n\r\n<ol class=\"privacy-policy-ol\">\r\n        <li>\r\n        <h2 class=\"privacy-policy-h2\">\r\n            Von uns erfasste Informationen:\r\n        <\/h2>\r\n\r\n        \r\n        <p class=\"privacy-policy-p\">\r\n            Wir erheben und verarbeiten die folgenden personenbezogenen Daten \u00fcber Sie:\r\n        <\/p>\r\n        <ol class=\"privacy-policy-ol\">\r\n\r\n                        <li>Name<\/li>\r\n            \r\n                        <li>Email<\/li>\r\n            \r\n                        <li>Telefonnummer<\/li>\r\n            \r\n            \r\n            \r\n            \r\n            \r\n                        \r\n                                    \r\n        <\/ol>\r\n        \r\n\r\n        \r\n\r\n    <\/li>\r\n\r\n    \r\n    \r\n\r\n        <li>\r\n        <h2 class=\"privacy-policy-h2\">\r\n            Wie wir Ihre Informationen verwenden:\r\n        <\/h2>\r\n        <p class=\"privacy-policy-p\">\r\n            Wir werden die Informationen, die wir \u00fcber Sie sammeln, f\u00fcr die folgenden Zwecke verwenden:\r\n        <\/p>\r\n        <ol class=\"privacy-policy-ol\">\r\n\r\n            \r\n            \r\n            \r\n            \r\n            \r\n                        <li>Bearbeitung von Zahlungen, Reservierungen und Anfragen zu unseren Dienstleistungen<\/li>\r\n            \r\n            \r\n            \r\n            \r\n            \r\n            \r\n            \r\n            \r\n            \r\n        <\/ol>\r\n        <p class=\"privacy-policy-p\">\r\n            Wenn wir Ihre Daten f\u00fcr einen anderen Zweck verwenden m\u00f6chten, werden wir Sie um Ihre Einwilligung bitten und Ihre Daten nur nach Erhalt Ihrer Einwilligung und dann nur f\u00fcr den\/die Zweck(e) verwenden, f\u00fcr den\/die Sie Ihre Einwilligung erteilt haben, sofern wir nicht dazu verpflichtet sind Gesetz.\r\n        <\/p>\r\n    <\/li>\r\n    \r\n    \r\n    <li>\r\n        <h2 class=\"privacy-policy-h2\">\r\n            Wie wir Ihre Informationen weitergeben:\r\n        <\/h2>\r\n\r\n\r\n                <p class=\"privacy-policy-p\">\r\n            Wir werden Ihre personenbezogenen Daten nicht ohne Ihre Zustimmung an Dritte weitergeben, au\u00dfer in den unten beschriebenen begrenzten F\u00e4llen:\r\n        <\/p>\r\n        <ol class=\"privacy-policy-ol\">\r\n                        <li>Anzeigenservice<\/li>\r\n            \r\n            \r\n            \r\n            \r\n                        <li>Analytik<\/li>\r\n            \r\n            \r\n                    <\/ol>\r\n        \r\n        <p class=\"privacy-policy-p\">\r\n            Wir verlangen von diesen Dritten, dass sie die von uns an sie \u00fcbermittelten personenbezogenen Daten nur f\u00fcr den Zweck verwenden, f\u00fcr den sie \u00fcbermittelt wurden, und sie nicht l\u00e4nger aufbewahren, als es zur Erf\u00fcllung des genannten Zwecks erforderlich ist.\r\n        <\/p>\r\n        <p class=\"privacy-policy-p\">\r\n            Wir k\u00f6nnen Ihre personenbezogenen Daten auch aus folgenden Gr\u00fcnden offenlegen: (1) um geltendem Recht, Vorschriften, Gerichtsbeschl\u00fcssen oder anderen rechtlichen Verfahren nachzukommen; (2) um Ihre Vereinbarungen mit uns, einschlie\u00dflich dieser Datenschutzrichtlinie, durchzusetzen; oder (3) um auf Behauptungen zu reagieren, dass Ihre Nutzung des Dienstes Rechte Dritter verletzt. Wenn der Dienst oder unser Unternehmen mit einem anderen Unternehmen fusioniert oder \u00fcbernommen wird, geh\u00f6ren Ihre Daten zu den Verm\u00f6genswerten, die an den neuen Eigent\u00fcmer \u00fcbertragen werden.\r\n        <\/p>\r\n    <\/li>\r\n    \r\n\r\n        <li>\r\n        <h2 class=\"privacy-policy-h2\">\r\n            Aufbewahrung Ihrer Daten:\r\n        <\/h2>\r\n        <p class=\"privacy-policy-p\">\r\n            Wir speichern Ihre personenbezogenen Daten 90 Tage bis 2 Jahre lang bei uns, nachdem Benutzer ihre Konten gek\u00fcndigt haben, oder so lange, wie wir sie ben\u00f6tigen, um die Zwecke zu erf\u00fcllen, f\u00fcr die sie gem\u00e4\u00df dieser Datenschutzrichtlinie erfasst wurden. Es kann sein, dass wir bestimmte Informationen f\u00fcr l\u00e4ngere Zeitr\u00e4ume aufbewahren m\u00fcssen, beispielsweise zur Aufzeichnung\/Berichterstattung gem\u00e4\u00df geltendem Recht oder aus anderen legitimen Gr\u00fcnden wie der Durchsetzung gesetzlicher Rechte, der Betrugspr\u00e4vention usw. Verbleibende anonyme Informationen und aggregierte Informationen, die Sie nicht identifizieren (direkt oder indirekt) k\u00f6nnen unbegrenzt gespeichert werden.\r\n        <\/p>\r\n    <\/li>\r\n    \r\n    <li>\r\n        <h2 class=\"privacy-policy-h2\">\r\n            Deine Rechte:\r\n        <\/h2>\r\n        <p class=\"privacy-policy-p\">\r\n            Je nach anwendbarem Recht haben Sie m\u00f6glicherweise das Recht, auf Ihre personenbezogenen Daten zuzugreifen und diese zu berichtigen oder zu l\u00f6schen oder eine Kopie Ihrer personenbezogenen Daten zu erhalten, die aktive Verarbeitung Ihrer Daten einzuschr\u00e4nken oder ihr zu widersprechen oder uns um die Weitergabe (Portierung) Ihrer personenbezogenen Daten zu bitten Informationen an ein anderes Unternehmen zu \u00fcbermitteln, die Einwilligung, die Sie uns zur Verarbeitung Ihrer Daten erteilt haben, zu widerrufen, das Recht, eine Beschwerde bei einer gesetzlichen Beh\u00f6rde einzureichen, und alle anderen Rechte, die nach geltendem Recht relevant sein k\u00f6nnen. Um diese Rechte auszu\u00fcben, k\u00f6nnen Sie uns unter info@econaturesways.com schreiben. Wir werden Ihre Anfrage gem\u00e4\u00df geltendem Recht beantworten.\r\n        <\/p>\r\n\r\n        \r\n        <p class=\"privacy-policy-p\">\r\n            Bitte beachten Sie, dass Sie m\u00f6glicherweise nicht auf die Dienste zugreifen oder diese nutzen k\u00f6nnen, f\u00fcr die Ihre Daten angefordert wurden, wenn Sie uns nicht gestatten, die erforderlichen personenbezogenen Daten zu sammeln oder zu verarbeiten oder die Einwilligung zur Verarbeitung derselben f\u00fcr die erforderlichen Zwecke widerrufen.\r\n        <\/p>\r\n    <\/li>\r\n        <li>\r\n        <h2 class=\"privacy-policy-h2\">\r\n            Cookies etc.\r\n        <\/h2>\r\n        <p class=\"privacy-policy-p translation-block\">Um mehr dar\u00fcber zu erfahren, wie wir diese verwenden und welche Optionen Sie in Bezug auf diese Tracking-Technologien haben, lesen Sie bitte unsere  <a href=\"https:\/\/www.econaturesways.com\/de\/cookie-policy\" target=\"_self\">Cookie-Richtlinie.<\/a><\/p>\r\n    <\/li>\r\n    \r\n    <li>\r\n        <h2 class=\"privacy-policy-h2\">\r\n            Sicherheit:\r\n        <\/h2>\r\n        <p class=\"privacy-policy-p\">\r\n            Die Sicherheit Ihrer Daten ist uns wichtig und wir werden angemessene Sicherheitsma\u00dfnahmen ergreifen, um den Verlust, Missbrauch oder unbefugte \u00c4nderung Ihrer Daten unter unserer Kontrolle zu verhindern. Aufgrund der inh\u00e4renten Risiken k\u00f6nnen wir jedoch keine absolute Sicherheit garantieren und k\u00f6nnen daher die Sicherheit der von Ihnen an uns \u00fcbermittelten Informationen nicht gew\u00e4hrleisten oder garantieren, und Sie tun dies auf eigenes Risiko.\r\n        <\/p>\r\n    <\/li>\r\n\r\n        <li>\r\n        <h2 class=\"privacy-policy-h2\">\r\n            Links zu Websites Dritter und Verwendung Ihrer Daten:\r\n        <\/h2>\r\n        <p class=\"privacy-policy-p\">\r\n            Unser Service kann Links zu anderen Websites enthalten, die nicht von uns betrieben werden. Diese Datenschutzrichtlinie befasst sich nicht mit den Datenschutzrichtlinien und anderen Praktiken Dritter, einschlie\u00dflich Dritter, die Websites oder Dienste betreiben, auf die \u00fcber einen Link im Dienst zugegriffen werden kann. Wir empfehlen Ihnen dringend, die Datenschutzrichtlinien jeder von Ihnen besuchten Website zu lesen. Wir haben keine Kontrolle \u00fcber die Inhalte, Datenschutzrichtlinien oder Praktiken von Websites oder Diensten Dritter und \u00fcbernehmen keine Verantwortung daf\u00fcr.\r\n        <\/p>\r\n    <\/li>\r\n    \r\n    <li>\r\n        <h2 class=\"privacy-policy-h2\">\r\n            Beschwerde\/Datenschutzbeauftragter:\r\n        <\/h2>\r\n        <p class=\"privacy-policy-p\">\r\n            Wenn Sie Fragen oder Bedenken hinsichtlich der Verarbeitung Ihrer bei uns verf\u00fcgbaren Informationen haben, k\u00f6nnen Sie eine E-Mail an unseren Beschwerdebeauftragten bei Natures Ways d.o.o., \u010cezso\u010da 78, E-Mail: info@econaturesways.com, senden. Wir werden Ihre Anliegen im Einklang mit geltendem Recht bearbeiten.\r\n        <\/p>\r\n    <\/li>\r\n<\/ol>\r\n\t\t\t\t<\/div>\n\t\t\t\t<\/div>\n\t\t\t\t\t<\/div>\n\t\t<\/div>\n\t\t\t\t\t<\/div>\n\t\t<\/section>\n\t\t\t\t<\/div>","protected":false},"excerpt":{"rendered":"<p>Privacy Policy Last Updated On 19-May-2024 Effective Date 20-May-2024 This Privacy Policy describes the policies of Natures Ways d.o.o., \u010cezso\u010da 78, Bovec 5230, Slovenia, email: info@econaturesways.com, phone: +386 41 510 405 on the collection, use and disclosure of your information that we collect when you use our website ( https:\/\/www.econaturesways.com ). (the \u201cService\u201d). By accessing [&hellip;]<\/p>\n","protected":false},"author":1,"featured_media":0,"parent":0,"menu_order":0,"comment_status":"closed","ping_status":"closed","template":"elementor_header_footer","meta":{"footnotes":""},"class_list":["post-932","page","type-page","status-publish","hentry","entry"],"yoast_head":"<!-- This site is optimized with the Yoast SEO Premium plugin v27.3 (Yoast SEO v27.3) - https:\/\/yoast.com\/product\/yoast-seo-premium-wordpress\/ -->\n<title>Privacy Policy - Nature&#039;s Ways<\/title>\n<meta name=\"robots\" content=\"index, follow, max-snippet:-1, max-image-preview:large, max-video-preview:-1\" \/>\n<link rel=\"canonical\" href=\"https:\/\/www.econaturesways.com\/de\/privacy-policy\/\" \/>\n<meta property=\"og:locale\" content=\"de_DE\" \/>\n<meta property=\"og:type\" content=\"article\" \/>\n<meta property=\"og:title\" content=\"Privacy Policy\" \/>\n<meta property=\"og:description\" content=\"Privacy Policy Last Updated On 19-May-2024 Effective Date 20-May-2024 This Privacy Policy describes the policies of Natures Ways d.o.o., \u010cezso\u010da 78, Bovec\" \/>\n<meta property=\"og:url\" content=\"https:\/\/www.econaturesways.com\/de\/privacy-policy\/\" \/>\n<meta property=\"og:site_name\" content=\"Nature&#039;s Ways\" \/>\n<meta property=\"article:publisher\" content=\"https:\/\/www.facebook.com\/econaturesways\" \/>\n<meta property=\"article:modified_time\" content=\"2024-05-19T22:39:04+00:00\" \/>\n<meta name=\"twitter:card\" content=\"summary_large_image\" \/>\n<meta name=\"twitter:label1\" content=\"Gesch\u00e4tzte Lesezeit\" \/>\n\t<meta name=\"twitter:data1\" content=\"4\u00a0Minuten\" \/>\n<script type=\"application\/ld+json\" class=\"yoast-schema-graph\">{\"@context\":\"https:\\\/\\\/schema.org\",\"@graph\":[{\"@type\":\"WebPage\",\"@id\":\"https:\\\/\\\/www.econaturesways.com\\\/privacy-policy\\\/\",\"url\":\"https:\\\/\\\/www.econaturesways.com\\\/privacy-policy\\\/\",\"name\":\"Privacy Policy - Nature&#039;s Ways\",\"isPartOf\":{\"@id\":\"https:\\\/\\\/www.econaturesways.com\\\/#website\"},\"datePublished\":\"2019-12-05T13:12:30+00:00\",\"dateModified\":\"2024-05-19T22:39:04+00:00\",\"breadcrumb\":{\"@id\":\"https:\\\/\\\/www.econaturesways.com\\\/privacy-policy\\\/#breadcrumb\"},\"inLanguage\":\"de\",\"potentialAction\":[{\"@type\":\"ReadAction\",\"target\":[\"https:\\\/\\\/www.econaturesways.com\\\/privacy-policy\\\/\"]}]},{\"@type\":\"BreadcrumbList\",\"@id\":\"https:\\\/\\\/www.econaturesways.com\\\/privacy-policy\\\/#breadcrumb\",\"itemListElement\":[{\"@type\":\"ListItem\",\"position\":1,\"name\":\"Home\",\"item\":\"https:\\\/\\\/www.econaturesways.com\\\/\"},{\"@type\":\"ListItem\",\"position\":2,\"name\":\"Privacy Policy\"}]},{\"@type\":\"WebSite\",\"@id\":\"https:\\\/\\\/www.econaturesways.com\\\/#website\",\"url\":\"https:\\\/\\\/www.econaturesways.com\\\/\",\"name\":\"Nature's Ways Bovec\",\"description\":\"Sustainable Active Holidays in Bovec\",\"publisher\":{\"@id\":\"https:\\\/\\\/www.econaturesways.com\\\/#organization\"},\"potentialAction\":[{\"@type\":\"SearchAction\",\"target\":{\"@type\":\"EntryPoint\",\"urlTemplate\":\"https:\\\/\\\/www.econaturesways.com\\\/?s={search_term_string}\"},\"query-input\":{\"@type\":\"PropertyValueSpecification\",\"valueRequired\":true,\"valueName\":\"search_term_string\"}}],\"inLanguage\":\"de\"},{\"@type\":[\"Organization\",\"Place\",\"SportsActivityLocation\"],\"@id\":\"https:\\\/\\\/www.econaturesways.com\\\/#organization\",\"name\":\"Nature's Ways - Rafting & Canyoning Bovec\",\"url\":\"https:\\\/\\\/www.econaturesways.com\\\/\",\"logo\":{\"@id\":\"https:\\\/\\\/www.econaturesways.com\\\/privacy-policy\\\/#local-main-organization-logo\"},\"image\":{\"@id\":\"https:\\\/\\\/www.econaturesways.com\\\/privacy-policy\\\/#local-main-organization-logo\"},\"sameAs\":[\"https:\\\/\\\/www.facebook.com\\\/econaturesways\",\"https:\\\/\\\/www.instagram.com\\\/natureswaysbovec\"],\"description\":\"Nature's Way Bovec offers small group rafting and canyoning tours in the heart of the So\u010da Valley. We provide a premium alternative to crowded tourist excursions, focusing on unhurried journeys through Bovec\u2019s hidden natural corridors. Our mission is to connect guests with the pristine energy of the So\u010da river while actively protecting the environment through sustainable tourism practices.\\\"\",\"legalName\":\"Natures Ways d.o.o\",\"foundingDate\":\"2018-03-27\",\"numberOfEmployees\":{\"@type\":\"QuantitativeValue\",\"minValue\":\"1\",\"maxValue\":\"10\"},\"address\":{\"@id\":\"https:\\\/\\\/www.econaturesways.com\\\/privacy-policy\\\/#local-main-place-address\"},\"geo\":{\"@type\":\"GeoCoordinates\",\"latitude\":\"461927.9\",\"longitude\":\"133311.4\"},\"telephone\":[\"00386 40 534 919\"],\"openingHoursSpecification\":[{\"@type\":\"OpeningHoursSpecification\",\"dayOfWeek\":[\"Monday\",\"Tuesday\",\"Wednesday\",\"Thursday\",\"Friday\",\"Saturday\",\"Sunday\"],\"opens\":\"08:00\",\"closes\":\"19:00\"}],\"email\":\"info@econaturesways.com\",\"areaServed\":\"Bovec, Slovenia\",\"vatID\":\"SI20964528\",\"priceRange\":\"$$\",\"currenciesAccepted\":\"EUR\",\"paymentAccepted\":\"Cash, Credit\\\/Debit Card\"},{\"@type\":\"PostalAddress\",\"@id\":\"https:\\\/\\\/www.econaturesways.com\\\/privacy-policy\\\/#local-main-place-address\",\"streetAddress\":\"Nature's Ways - Rafting & Canyoning Bovec, Cezsoca 78\",\"addressLocality\":\"Bovec\",\"postalCode\":\"5230\",\"addressCountry\":\"SI\"},{\"@type\":\"ImageObject\",\"inLanguage\":\"de\",\"@id\":\"https:\\\/\\\/www.econaturesways.com\\\/privacy-policy\\\/#local-main-organization-logo\",\"url\":\"https:\\\/\\\/www.econaturesways.com\\\/wp-content\\\/uploads\\\/2019\\\/11\\\/natures-ways-outdoor-agency-bovec-slovenia-rafting-canyoning-1.png\",\"contentUrl\":\"https:\\\/\\\/www.econaturesways.com\\\/wp-content\\\/uploads\\\/2019\\\/11\\\/natures-ways-outdoor-agency-bovec-slovenia-rafting-canyoning-1.png\",\"width\":250,\"height\":91,\"caption\":\"Nature's Ways - Rafting & Canyoning Bovec\"}]}<\/script>\n<meta name=\"geo.placename\" content=\"Bovec\" \/>\n<meta name=\"geo.position\" content=\"461927.9;133311.4\" \/>\n<meta name=\"geo.region\" content=\"Slovenien\" \/>\n<!-- \/ Yoast SEO Premium plugin. -->","yoast_head_json":{"title":"Privacy Policy - Nature&#039;s Ways","robots":{"index":"index","follow":"follow","max-snippet":"max-snippet:-1","max-image-preview":"max-image-preview:large","max-video-preview":"max-video-preview:-1"},"canonical":"https:\/\/www.econaturesways.com\/de\/privacy-policy\/","og_locale":"de_DE","og_type":"article","og_title":"Privacy Policy","og_description":"Privacy Policy Last Updated On 19-May-2024 Effective Date 20-May-2024 This Privacy Policy describes the policies of Natures Ways d.o.o., \u010cezso\u010da 78, Bovec","og_url":"https:\/\/www.econaturesways.com\/de\/privacy-policy\/","og_site_name":"Nature&#039;s Ways","article_publisher":"https:\/\/www.facebook.com\/econaturesways","article_modified_time":"2024-05-19T22:39:04+00:00","twitter_card":"summary_large_image","twitter_misc":{"Gesch\u00e4tzte Lesezeit":"4\u00a0Minuten"},"schema":{"@context":"https:\/\/schema.org","@graph":[{"@type":"WebPage","@id":"https:\/\/www.econaturesways.com\/privacy-policy\/","url":"https:\/\/www.econaturesways.com\/privacy-policy\/","name":"Privacy Policy - Nature&#039;s Ways","isPartOf":{"@id":"https:\/\/www.econaturesways.com\/#website"},"datePublished":"2019-12-05T13:12:30+00:00","dateModified":"2024-05-19T22:39:04+00:00","breadcrumb":{"@id":"https:\/\/www.econaturesways.com\/privacy-policy\/#breadcrumb"},"inLanguage":"de","potentialAction":[{"@type":"ReadAction","target":["https:\/\/www.econaturesways.com\/privacy-policy\/"]}]},{"@type":"BreadcrumbList","@id":"https:\/\/www.econaturesways.com\/privacy-policy\/#breadcrumb","itemListElement":[{"@type":"ListItem","position":1,"name":"Home","item":"https:\/\/www.econaturesways.com\/"},{"@type":"ListItem","position":2,"name":"Privacy Policy"}]},{"@type":"WebSite","@id":"https:\/\/www.econaturesways.com\/#website","url":"https:\/\/www.econaturesways.com\/","name":"Nature's Ways Bovec","description":"Nachhaltiger Aktivurlaub in Bovec","publisher":{"@id":"https:\/\/www.econaturesways.com\/#organization"},"potentialAction":[{"@type":"SearchAction","target":{"@type":"EntryPoint","urlTemplate":"https:\/\/www.econaturesways.com\/?s={search_term_string}"},"query-input":{"@type":"PropertyValueSpecification","valueRequired":true,"valueName":"search_term_string"}}],"inLanguage":"de"},{"@type":["Organization","Place","SportsActivityLocation"],"@id":"https:\/\/www.econaturesways.com\/#organization","name":"Nature's Ways - Rafting & Canyoning Bovec","url":"https:\/\/www.econaturesways.com\/","logo":{"@id":"https:\/\/www.econaturesways.com\/privacy-policy\/#local-main-organization-logo"},"image":{"@id":"https:\/\/www.econaturesways.com\/privacy-policy\/#local-main-organization-logo"},"sameAs":["https:\/\/www.facebook.com\/econaturesways","https:\/\/www.instagram.com\/natureswaysbovec"],"description":"Nature's Way Bovec offers small group rafting and canyoning tours in the heart of the So\u010da Valley. We provide a premium alternative to crowded tourist excursions, focusing on unhurried journeys through Bovec\u2019s hidden natural corridors. Our mission is to connect guests with the pristine energy of the So\u010da river while actively protecting the environment through sustainable tourism practices.\"","legalName":"Natures Ways d.o.o","foundingDate":"2018-03-27","numberOfEmployees":{"@type":"QuantitativeValue","minValue":"1","maxValue":"10"},"address":{"@id":"https:\/\/www.econaturesways.com\/privacy-policy\/#local-main-place-address"},"geo":{"@type":"GeoCoordinates","latitude":"461927.9","longitude":"133311.4"},"telephone":["00386 40 534 919"],"openingHoursSpecification":[{"@type":"OpeningHoursSpecification","dayOfWeek":["Monday","Tuesday","Wednesday","Thursday","Friday","Saturday","Sunday"],"opens":"08:00","closes":"19:00"}],"email":"info@econaturesways.com","areaServed":"Bovec, Slovenia","vatID":"SI20964528","priceRange":"$$","currenciesAccepted":"EUR","paymentAccepted":"Cash, Credit\/Debit Card"},{"@type":"PostalAddress","@id":"https:\/\/www.econaturesways.com\/privacy-policy\/#local-main-place-address","streetAddress":"Nature's Ways - Rafting & Canyoning Bovec, Cezsoca 78","addressLocality":"Bovec","postalCode":"5230","addressCountry":"SI"},{"@type":"ImageObject","inLanguage":"de","@id":"https:\/\/www.econaturesways.com\/privacy-policy\/#local-main-organization-logo","url":"https:\/\/www.econaturesways.com\/wp-content\/uploads\/2019\/11\/natures-ways-outdoor-agency-bovec-slovenia-rafting-canyoning-1.png","contentUrl":"https:\/\/www.econaturesways.com\/wp-content\/uploads\/2019\/11\/natures-ways-outdoor-agency-bovec-slovenia-rafting-canyoning-1.png","width":250,"height":91,"caption":"Nature's Ways - Rafting & Canyoning Bovec"}]},"geo.placename":"Bovec","geo.position":{"lat":"461927.9","long":"133311.4"},"geo.region":"Slovenien"},"_links":{"self":[{"href":"https:\/\/www.econaturesways.com\/de\/wp-json\/wp\/v2\/pages\/932","targetHints":{"allow":["GET"]}}],"collection":[{"href":"https:\/\/www.econaturesways.com\/de\/wp-json\/wp\/v2\/pages"}],"about":[{"href":"https:\/\/www.econaturesways.com\/de\/wp-json\/wp\/v2\/types\/page"}],"author":[{"embeddable":true,"href":"https:\/\/www.econaturesways.com\/de\/wp-json\/wp\/v2\/users\/1"}],"replies":[{"embeddable":true,"href":"https:\/\/www.econaturesways.com\/de\/wp-json\/wp\/v2\/comments?post=932"}],"version-history":[{"count":0,"href":"https:\/\/www.econaturesways.com\/de\/wp-json\/wp\/v2\/pages\/932\/revisions"}],"wp:attachment":[{"href":"https:\/\/www.econaturesways.com\/de\/wp-json\/wp\/v2\/media?parent=932"}],"curies":[{"name":"wp","href":"https:\/\/api.w.org\/{rel}","templated":true}]}}