{"id":6681,"date":"2024-05-20T00:20:01","date_gmt":"2024-05-19T22:20:01","guid":{"rendered":"https:\/\/www.econaturesways.com\/?page_id=6681"},"modified":"2024-05-20T00:21:42","modified_gmt":"2024-05-19T22:21:42","slug":"cookie-policy","status":"publish","type":"page","link":"https:\/\/www.econaturesways.com\/de\/cookie-policy\/","title":{"rendered":"Cookie-Richtlinie"},"content":{"rendered":"<div data-elementor-type=\"wp-page\" data-elementor-id=\"6681\" class=\"elementor elementor-6681\" data-elementor-post-type=\"page\">\n\t\t\t\t\t\t<section class=\"elementor-section elementor-top-section elementor-element elementor-element-de15f4d elementor-section-boxed elementor-section-height-default elementor-section-height-default\" data-id=\"de15f4d\" data-element_type=\"section\" data-e-type=\"section\" data-settings=\"{&quot;background_background&quot;:&quot;classic&quot;}\">\n\t\t\t\t\t\t\t<div class=\"elementor-background-overlay\"><\/div>\n\t\t\t\t\t\t\t<div class=\"elementor-container elementor-column-gap-default\">\n\t\t\t\t\t<div class=\"elementor-column elementor-col-100 elementor-top-column elementor-element elementor-element-8d313d2\" data-id=\"8d313d2\" data-element_type=\"column\" data-e-type=\"column\" data-settings=\"{&quot;background_background&quot;:&quot;classic&quot;}\">\n\t\t\t<div class=\"elementor-widget-wrap elementor-element-populated\">\n\t\t\t\t\t\t<div class=\"elementor-element elementor-element-d0e4805 elementor-widget elementor-widget-html\" data-id=\"d0e4805\" data-element_type=\"widget\" data-e-type=\"widget\" data-widget_type=\"html.default\">\n\t\t\t\t<div class=\"elementor-widget-container\">\n\t\t\t\t\t<style>\r\n    a.cky-banner-element {\r\n        padding: 8px 30px;\r\n        background: #F8F9FA;\r\n        color: #858A8F;\r\n        border: 1px solid #DEE2E6;\r\n        box-sizing: border-box;\r\n        border-radius: 2px;\r\n        cursor: pointer;\r\n}\r\n<\/style>\r\n<h1 class=\"cookie-policy-h1\">Cookie-Richtlinie<\/h1>\r\n<p class=\"translation-block\">Datum des Inkrafttretens: 19. Mai 2024 <br>\n     Letzte Aktualisierung: 19. Mai 2024<\/p>\r\n\r\n&nbsp;\r\n<h5>Was sind Cookies?<\/h5>\r\n<div class=\"cookie-policy-p\"><p>In dieser Cookie-Richtlinie wird erkl\u00e4rt, was Cookies sind und wie wir sie verwenden, welche Arten von Cookies wir verwenden, d. h. welche Informationen wir mithilfe von Cookies sammeln und wie diese Informationen verwendet werden, und wie die Cookie-Einstellungen verwaltet werden.<\/p> <p>Cookies sind kleine Textdateien, die zur Speicherung kleinerer Informationen verwendet werden. Sie werden auf Ihrem Ger\u00e4t gespeichert, wenn die Website in Ihrem Browser geladen wird. Diese Cookies helfen uns, die Website ordnungsgem\u00e4\u00df funktionieren zu lassen, sie sicherer zu machen, ein besseres Benutzererlebnis zu bieten und zu verstehen, wie die Website funktioniert, und zu analysieren, was funktioniert und wo Verbesserungen erforderlich sind.<\/p><\/div>\r\n\r\n&nbsp;\r\n<h5>Wie verwenden wir Cookies?<\/h5>\r\n<div class=\"cookie-policy-p\"><p>Wie die meisten Online-Dienste verwendet unsere Website f\u00fcr verschiedene Zwecke Erst- und Drittanbieter-Cookies. Erstanbieter-Cookies sind in den meisten F\u00e4llen f\u00fcr die ordnungsgem\u00e4\u00dfe Funktion der Website erforderlich und erfassen keine personenbezogenen Daten von Ihnen.<\/p> <p>Die auf unserer Website verwendeten Cookies von Drittanbietern dienen haupts\u00e4chlich dazu, zu verstehen, wie die Website funktioniert, wie Sie mit unserer Website interagieren, unsere Dienste sicher zu halten, f\u00fcr Sie relevante Werbung bereitzustellen und Ihnen insgesamt einen besseren und verbesserten Benutzer zu bieten Erfahrung und helfen Sie dabei, Ihre zuk\u00fcnftigen Interaktionen mit unserer Website zu beschleunigen.<\/p><\/div>\r\n\r\n&nbsp;\r\n    <h5>Arten von Cookies, die wir verwenden<\/h5>\r\n\r\n    <div class=\"cky-audit-table-element\"><\/div>\r\n\r\n&nbsp;\r\n    <h5 style=\"margin-bottom:20px;\">Cookie-Einstellungen verwalten<\/h5>\r\n\r\n    <a class=\"cky-banner-element\">Cookie-Einstellungen<\/a> <br\/>\r\n\r\n    <div><p>Sie k\u00f6nnen Ihre Cookie-Einstellungen jederzeit \u00e4ndern, indem Sie auf die Schaltfl\u00e4che oben klicken. Dadurch k\u00f6nnen Sie das Cookie-Einwilligungsbanner erneut aufrufen und Ihre Einstellungen \u00e4ndern oder Ihre Einwilligung sofort widerrufen. <\/p> <p>Dar\u00fcber hinaus bieten verschiedene Browser unterschiedliche Methoden zum Blockieren und L\u00f6schen von Cookies, die von Websites verwendet werden. Sie k\u00f6nnen die Einstellungen Ihres Browsers \u00e4ndern, um die Cookies zu blockieren\/l\u00f6schen. Nachfolgend sind die Links zu den Supportdokumenten zum Verwalten und L\u00f6schen von Cookies in den wichtigsten Webbrowsern aufgef\u00fchrt.<\/p> <p>Chrome: <a href=\"https:\/\/support.google.com\/accounts\/answer\/32050\" target=\"_blank\">https:\/\/support.google.com\/accounts\/answer\/32050<\/a><\/p><p>Safari: <a href=\"https:\/\/support.apple.com\/en-in\/guide\/safari\/sfri11471\/mac\" target=\"_blank\">https:\/\/support.apple.com\/en-in\/guide\/safari\/sfri11471\/mac<\/a><\/p><p>Firefox: <a href=\"https:\/\/support.mozilla.org\/en-US\/kb\/clear-cookies-and-site-data-firefox?redirectslug=delete-cookies-remove-info-websites-stored&redirectlocale=en-US\" target=\"_blank\">https:\/\/support.mozilla.org\/en-US\/kb\/clear-cookies-and-site-data-firefox?redirectslug=delete-cookies-remove-info-websites-stored&redirectlocale=en-US<\/a><\/p><p>Internet Explorer: <a href=\"https:\/\/support.microsoft.com\/en-us\/topic\/how-to-delete-cookie-files-in-internet-explorer-bca9446f-d873-78de-77ba-d42645fa52fc\" target=\"_blank\">https:\/\/support.microsoft.com\/en-us\/topic\/how-to-delete-cookie-files-in-internet-explorer-bca9446f-d873-78de-77ba-d42645fa52fc<\/a><\/p><p>Wenn Sie einen anderen Webbrowser verwenden, lesen Sie bitte die offiziellen Supportdokumente Ihres Browsers.<\/p><\/div>\r\n\r\n\r\n&nbsp;\r\n<p class=\"cookie-policy-p\">\r\n    Cookie Policy Generated By  <a target=\"_blank\" href=\"https:\/\/www.cookieyes.com\/?utm_source=CP&utm_medium=footer&utm_campaign=UW\">CookieYes - Cookie Policy Generator<\/a>.\r\n<\/p>\t\t\t\t<\/div>\n\t\t\t\t<\/div>\n\t\t\t\t\t<\/div>\n\t\t<\/div>\n\t\t\t\t\t<\/div>\n\t\t<\/section>\n\t\t\t\t<\/div>","protected":false},"excerpt":{"rendered":"<p>Cookie Policy Effective Date: 19-May-2024 Last Updated: 19-May-2024 &nbsp; What are cookies? This Cookie Policy explains what cookies are and how we use them, the types of cookies we use i.e, the information we collect using cookies and how that information is used, and how to manage the cookie settings. Cookies are small text files [&hellip;]<\/p>\n","protected":false},"author":1,"featured_media":0,"parent":0,"menu_order":0,"comment_status":"closed","ping_status":"closed","template":"","meta":{"footnotes":""},"class_list":["post-6681","page","type-page","status-publish","hentry","entry"],"yoast_head":"<!-- This site is optimized with the Yoast SEO Premium plugin v27.1 (Yoast SEO v27.1.1) - https:\/\/yoast.com\/product\/yoast-seo-premium-wordpress\/ -->\n<title>Cookie Policy - Nature&#039;s Ways<\/title>\n<meta name=\"robots\" content=\"index, follow, max-snippet:-1, max-image-preview:large, max-video-preview:-1\" \/>\n<link rel=\"canonical\" href=\"https:\/\/www.econaturesways.com\/de\/cookie-policy\/\" \/>\n<meta property=\"og:locale\" content=\"de_DE\" \/>\n<meta property=\"og:type\" content=\"article\" \/>\n<meta property=\"og:title\" content=\"Cookie Policy\" \/>\n<meta property=\"og:description\" content=\"Cookie Policy Effective Date: 19-May-2024 Last Updated: 19-May-2024 &nbsp; What are cookies? This Cookie Policy explains what cookies are and how we use\" \/>\n<meta property=\"og:url\" content=\"https:\/\/www.econaturesways.com\/de\/cookie-policy\/\" \/>\n<meta property=\"og:site_name\" content=\"Nature&#039;s Ways\" \/>\n<meta property=\"article:publisher\" content=\"https:\/\/www.facebook.com\/econaturesways\" \/>\n<meta property=\"article:modified_time\" content=\"2024-05-19T22:21:42+00:00\" \/>\n<meta name=\"twitter:card\" content=\"summary_large_image\" \/>\n<meta name=\"twitter:label1\" content=\"Gesch\u00e4tzte Lesezeit\" \/>\n\t<meta name=\"twitter:data1\" content=\"2\u00a0Minuten\" \/>\n<script type=\"application\/ld+json\" class=\"yoast-schema-graph\">{\"@context\":\"https:\/\/schema.org\",\"@graph\":[{\"@type\":\"WebPage\",\"@id\":\"https:\/\/www.econaturesways.com\/cookie-policy\/\",\"url\":\"https:\/\/www.econaturesways.com\/cookie-policy\/\",\"name\":\"Cookie Policy - Nature&#039;s Ways\",\"isPartOf\":{\"@id\":\"https:\/\/www.econaturesways.com\/#website\"},\"datePublished\":\"2024-05-19T22:20:01+00:00\",\"dateModified\":\"2024-05-19T22:21:42+00:00\",\"breadcrumb\":{\"@id\":\"https:\/\/www.econaturesways.com\/cookie-policy\/#breadcrumb\"},\"inLanguage\":\"de\",\"potentialAction\":[{\"@type\":\"ReadAction\",\"target\":[\"https:\/\/www.econaturesways.com\/cookie-policy\/\"]}]},{\"@type\":\"BreadcrumbList\",\"@id\":\"https:\/\/www.econaturesways.com\/cookie-policy\/#breadcrumb\",\"itemListElement\":[{\"@type\":\"ListItem\",\"position\":1,\"name\":\"Home\",\"item\":\"https:\/\/www.econaturesways.com\/\"},{\"@type\":\"ListItem\",\"position\":2,\"name\":\"Cookie Policy\"}]},{\"@type\":\"WebSite\",\"@id\":\"https:\/\/www.econaturesways.com\/#website\",\"url\":\"https:\/\/www.econaturesways.com\/\",\"name\":\"Nature's Ways Bovec\",\"description\":\"Sustainable Active Holidays in Bovec\",\"publisher\":{\"@id\":\"https:\/\/www.econaturesways.com\/#organization\"},\"potentialAction\":[{\"@type\":\"SearchAction\",\"target\":{\"@type\":\"EntryPoint\",\"urlTemplate\":\"https:\/\/www.econaturesways.com\/?s={search_term_string}\"},\"query-input\":{\"@type\":\"PropertyValueSpecification\",\"valueRequired\":true,\"valueName\":\"search_term_string\"}}],\"inLanguage\":\"de\"},{\"@type\":[\"Organization\",\"Place\",\"SportsActivityLocation\"],\"@id\":\"https:\/\/www.econaturesways.com\/#organization\",\"name\":\"Nature's Ways - Rafting & Canyoning Bovec\",\"url\":\"https:\/\/www.econaturesways.com\/\",\"logo\":{\"@id\":\"https:\/\/www.econaturesways.com\/cookie-policy\/#local-main-organization-logo\"},\"image\":{\"@id\":\"https:\/\/www.econaturesways.com\/cookie-policy\/#local-main-organization-logo\"},\"sameAs\":[\"https:\/\/www.facebook.com\/econaturesways\",\"https:\/\/www.instagram.com\/natureswaysbovec\"],\"description\":\"Nature's Way Bovec offers small group rafting and canyoning tours in the heart of the So\u010da Valley. We provide a premium alternative to crowded tourist excursions, focusing on unhurried journeys through Bovec\u2019s hidden natural corridors. Our mission is to connect guests with the pristine energy of the So\u010da river while actively protecting the environment through sustainable tourism practices.\\\"\",\"legalName\":\"Natures Ways d.o.o\",\"foundingDate\":\"2018-03-27\",\"numberOfEmployees\":{\"@type\":\"QuantitativeValue\",\"minValue\":\"1\",\"maxValue\":\"10\"},\"address\":{\"@id\":\"https:\/\/www.econaturesways.com\/cookie-policy\/#local-main-place-address\"},\"geo\":{\"@type\":\"GeoCoordinates\",\"latitude\":\"461927.9\",\"longitude\":\"133311.4\"},\"telephone\":[\"00386 40 534 919\"],\"openingHoursSpecification\":[{\"@type\":\"OpeningHoursSpecification\",\"dayOfWeek\":[\"Monday\",\"Tuesday\",\"Wednesday\",\"Thursday\",\"Friday\",\"Saturday\",\"Sunday\"],\"opens\":\"08:00\",\"closes\":\"19:00\"}],\"email\":\"info@econaturesways.com\",\"areaServed\":\"Bovec, Slovenia\",\"vatID\":\"SI20964528\",\"priceRange\":\"$$\",\"currenciesAccepted\":\"EUR\",\"paymentAccepted\":\"Cash, Credit\/Debit Card\"},{\"@type\":\"PostalAddress\",\"@id\":\"https:\/\/www.econaturesways.com\/cookie-policy\/#local-main-place-address\",\"streetAddress\":\"Nature's Ways - Rafting & Canyoning Bovec, Cezsoca 78\",\"addressLocality\":\"Bovec\",\"postalCode\":\"5230\",\"addressCountry\":\"SI\"},{\"@type\":\"ImageObject\",\"inLanguage\":\"de\",\"@id\":\"https:\/\/www.econaturesways.com\/cookie-policy\/#local-main-organization-logo\",\"url\":\"https:\/\/www.econaturesways.com\/wp-content\/uploads\/2019\/11\/natures-ways-outdoor-agency-bovec-slovenia-rafting-canyoning-1.png\",\"contentUrl\":\"https:\/\/www.econaturesways.com\/wp-content\/uploads\/2019\/11\/natures-ways-outdoor-agency-bovec-slovenia-rafting-canyoning-1.png\",\"width\":250,\"height\":91,\"caption\":\"Nature's Ways - Rafting & Canyoning Bovec\"}]}<\/script>\n<meta name=\"geo.placename\" content=\"Bovec\" \/>\n<meta name=\"geo.position\" content=\"461927.9;133311.4\" \/>\n<meta name=\"geo.region\" content=\"Slovenien\" \/>\n<!-- \/ Yoast SEO Premium plugin. -->","yoast_head_json":{"title":"Cookie Policy - Nature&#039;s Ways","robots":{"index":"index","follow":"follow","max-snippet":"max-snippet:-1","max-image-preview":"max-image-preview:large","max-video-preview":"max-video-preview:-1"},"canonical":"https:\/\/www.econaturesways.com\/de\/cookie-policy\/","og_locale":"de_DE","og_type":"article","og_title":"Cookie Policy","og_description":"Cookie Policy Effective Date: 19-May-2024 Last Updated: 19-May-2024 &nbsp; What are cookies? This Cookie Policy explains what cookies are and how we use","og_url":"https:\/\/www.econaturesways.com\/de\/cookie-policy\/","og_site_name":"Nature&#039;s Ways","article_publisher":"https:\/\/www.facebook.com\/econaturesways","article_modified_time":"2024-05-19T22:21:42+00:00","twitter_card":"summary_large_image","twitter_misc":{"Gesch\u00e4tzte Lesezeit":"2\u00a0Minuten"},"schema":{"@context":"https:\/\/schema.org","@graph":[{"@type":"WebPage","@id":"https:\/\/www.econaturesways.com\/cookie-policy\/","url":"https:\/\/www.econaturesways.com\/cookie-policy\/","name":"Cookie Policy - Nature&#039;s Ways","isPartOf":{"@id":"https:\/\/www.econaturesways.com\/#website"},"datePublished":"2024-05-19T22:20:01+00:00","dateModified":"2024-05-19T22:21:42+00:00","breadcrumb":{"@id":"https:\/\/www.econaturesways.com\/cookie-policy\/#breadcrumb"},"inLanguage":"de","potentialAction":[{"@type":"ReadAction","target":["https:\/\/www.econaturesways.com\/cookie-policy\/"]}]},{"@type":"BreadcrumbList","@id":"https:\/\/www.econaturesways.com\/cookie-policy\/#breadcrumb","itemListElement":[{"@type":"ListItem","position":1,"name":"Home","item":"https:\/\/www.econaturesways.com\/"},{"@type":"ListItem","position":2,"name":"Cookie Policy"}]},{"@type":"WebSite","@id":"https:\/\/www.econaturesways.com\/#website","url":"https:\/\/www.econaturesways.com\/","name":"Nature's Ways Bovec","description":"Nachhaltiger Aktivurlaub in Bovec","publisher":{"@id":"https:\/\/www.econaturesways.com\/#organization"},"potentialAction":[{"@type":"SearchAction","target":{"@type":"EntryPoint","urlTemplate":"https:\/\/www.econaturesways.com\/?s={search_term_string}"},"query-input":{"@type":"PropertyValueSpecification","valueRequired":true,"valueName":"search_term_string"}}],"inLanguage":"de"},{"@type":["Organization","Place","SportsActivityLocation"],"@id":"https:\/\/www.econaturesways.com\/#organization","name":"Nature's Ways - Rafting & Canyoning Bovec","url":"https:\/\/www.econaturesways.com\/","logo":{"@id":"https:\/\/www.econaturesways.com\/cookie-policy\/#local-main-organization-logo"},"image":{"@id":"https:\/\/www.econaturesways.com\/cookie-policy\/#local-main-organization-logo"},"sameAs":["https:\/\/www.facebook.com\/econaturesways","https:\/\/www.instagram.com\/natureswaysbovec"],"description":"Nature's Way Bovec offers small group rafting and canyoning tours in the heart of the So\u010da Valley. We provide a premium alternative to crowded tourist excursions, focusing on unhurried journeys through Bovec\u2019s hidden natural corridors. Our mission is to connect guests with the pristine energy of the So\u010da river while actively protecting the environment through sustainable tourism practices.\"","legalName":"Natures Ways d.o.o","foundingDate":"2018-03-27","numberOfEmployees":{"@type":"QuantitativeValue","minValue":"1","maxValue":"10"},"address":{"@id":"https:\/\/www.econaturesways.com\/cookie-policy\/#local-main-place-address"},"geo":{"@type":"GeoCoordinates","latitude":"461927.9","longitude":"133311.4"},"telephone":["00386 40 534 919"],"openingHoursSpecification":[{"@type":"OpeningHoursSpecification","dayOfWeek":["Monday","Tuesday","Wednesday","Thursday","Friday","Saturday","Sunday"],"opens":"08:00","closes":"19:00"}],"email":"info@econaturesways.com","areaServed":"Bovec, Slovenia","vatID":"SI20964528","priceRange":"$$","currenciesAccepted":"EUR","paymentAccepted":"Cash, Credit\/Debit Card"},{"@type":"PostalAddress","@id":"https:\/\/www.econaturesways.com\/cookie-policy\/#local-main-place-address","streetAddress":"Nature's Ways - Rafting & Canyoning Bovec, Cezsoca 78","addressLocality":"Bovec","postalCode":"5230","addressCountry":"SI"},{"@type":"ImageObject","inLanguage":"de","@id":"https:\/\/www.econaturesways.com\/cookie-policy\/#local-main-organization-logo","url":"https:\/\/www.econaturesways.com\/wp-content\/uploads\/2019\/11\/natures-ways-outdoor-agency-bovec-slovenia-rafting-canyoning-1.png","contentUrl":"https:\/\/www.econaturesways.com\/wp-content\/uploads\/2019\/11\/natures-ways-outdoor-agency-bovec-slovenia-rafting-canyoning-1.png","width":250,"height":91,"caption":"Nature's Ways - Rafting & Canyoning Bovec"}]},"geo.placename":"Bovec","geo.position":{"lat":"461927.9","long":"133311.4"},"geo.region":"Slovenien"},"_links":{"self":[{"href":"https:\/\/www.econaturesways.com\/de\/wp-json\/wp\/v2\/pages\/6681","targetHints":{"allow":["GET"]}}],"collection":[{"href":"https:\/\/www.econaturesways.com\/de\/wp-json\/wp\/v2\/pages"}],"about":[{"href":"https:\/\/www.econaturesways.com\/de\/wp-json\/wp\/v2\/types\/page"}],"author":[{"embeddable":true,"href":"https:\/\/www.econaturesways.com\/de\/wp-json\/wp\/v2\/users\/1"}],"replies":[{"embeddable":true,"href":"https:\/\/www.econaturesways.com\/de\/wp-json\/wp\/v2\/comments?post=6681"}],"version-history":[{"count":0,"href":"https:\/\/www.econaturesways.com\/de\/wp-json\/wp\/v2\/pages\/6681\/revisions"}],"wp:attachment":[{"href":"https:\/\/www.econaturesways.com\/de\/wp-json\/wp\/v2\/media?parent=6681"}],"curies":[{"name":"wp","href":"https:\/\/api.w.org\/{rel}","templated":true}]}}